{"id":826,"date":"2021-03-20T17:11:37","date_gmt":"2021-03-20T16:11:37","guid":{"rendered":"https:\/\/www.wuennenberg-bueren.de\/zweckverband\/?page_id=826"},"modified":"2025-12-10T15:02:23","modified_gmt":"2025-12-10T14:02:23","slug":"flyer","status":"publish","type":"page","link":"https:\/\/www.wuennenberg-bueren.de\/zweckverband\/flyer\/","title":{"rendered":"Flyer &#038; Brosch\u00fcren"},"content":{"rendered":"\n\n\n<h2 class=\"wp-block-heading\">Flyer \u00fcber den Zweckverband Bad W\u00fcnnenberg\/B\u00fcren<\/h2>\n\n\n\n<div class=\"wp-block-media-text is-stacked-on-mobile\" style=\"grid-template-columns:15% auto\"><figure class=\"wp-block-media-text__media\"><a href=\"https:\/\/www.wuennenberg-bueren.de\/zweckverband\/wp-content\/uploads\/2021\/10\/Flyer-Zweckverband-.pdf\" target=\"_blank\" rel=\"noreferrer noopener\"><img loading=\"lazy\" decoding=\"async\" width=\"406\" height=\"850\" src=\"https:\/\/www.wuennenberg-bueren.de\/zweckverband\/wp-content\/uploads\/2022\/11\/Flyer-Zweckverband.jpg\" alt=\"\" class=\"wp-image-1336 size-full\" srcset=\"https:\/\/www.wuennenberg-bueren.de\/zweckverband\/wp-content\/uploads\/2022\/11\/Flyer-Zweckverband.jpg 406w, https:\/\/www.wuennenberg-bueren.de\/zweckverband\/wp-content\/uploads\/2022\/11\/Flyer-Zweckverband-143x300.jpg 143w\" sizes=\"auto, (max-width: 406px) 100vw, 406px\" \/><\/a><\/figure><div class=\"wp-block-media-text__content\">\n<p><a href=\"https:\/\/www.wuennenberg-bueren.de\/zweckverband\/wp-content\/uploads\/2021\/10\/Flyer-Zweckverband-.pdf\" target=\"_blank\" rel=\"noreferrer noopener\">Zweckverband Bevorzugtes Erholungsgebiet Bad W\u00fcnnenberg\/B\u00fcren<\/a><\/p>\n<\/div><\/div>\n\n\n\n<div style=\"height:51px\" aria-hidden=\"true\" class=\"wp-block-spacer\"><\/div>\n\n\n\n<h2 class=\"wp-block-heading\">Informationsflyer &amp; Brosch\u00fcren<\/h2>\n\n\n\n<div class=\"wp-block-media-text is-stacked-on-mobile\" style=\"grid-template-columns:15% auto\"><figure class=\"wp-block-media-text__media\"><a href=\"https:\/\/www.wuennenberg-bueren.de\/zweckverband\/wp-content\/uploads\/2025\/09\/Flyer_DorfZukunft_Pflanzen.pdf\" target=\"_blank\" rel=\"noreferrer noopener\"><img loading=\"lazy\" decoding=\"async\" width=\"523\" height=\"1024\" src=\"https:\/\/www.wuennenberg-bueren.de\/zweckverband\/wp-content\/uploads\/2025\/09\/Flyer_DorfZukunft_Pflanzen-523x1024.jpg\" alt=\"\" class=\"wp-image-2610 size-full\" srcset=\"https:\/\/www.wuennenberg-bueren.de\/zweckverband\/wp-content\/uploads\/2025\/09\/Flyer_DorfZukunft_Pflanzen-523x1024.jpg 523w, https:\/\/www.wuennenberg-bueren.de\/zweckverband\/wp-content\/uploads\/2025\/09\/Flyer_DorfZukunft_Pflanzen-153x300.jpg 153w, https:\/\/www.wuennenberg-bueren.de\/zweckverband\/wp-content\/uploads\/2025\/09\/Flyer_DorfZukunft_Pflanzen-768x1503.jpg 768w, https:\/\/www.wuennenberg-bueren.de\/zweckverband\/wp-content\/uploads\/2025\/09\/Flyer_DorfZukunft_Pflanzen-785x1536.jpg 785w, https:\/\/www.wuennenberg-bueren.de\/zweckverband\/wp-content\/uploads\/2025\/09\/Flyer_DorfZukunft_Pflanzen-1047x2048.jpg 1047w, https:\/\/www.wuennenberg-bueren.de\/zweckverband\/wp-content\/uploads\/2025\/09\/Flyer_DorfZukunft_Pflanzen.jpg 1268w\" sizes=\"auto, (max-width: 523px) 100vw, 523px\" \/><\/a><\/figure><div class=\"wp-block-media-text__content\">\n<p><a href=\"https:\/\/www.wuennenberg-bueren.de\/zweckverband\/wp-content\/uploads\/2025\/09\/Flyer_DorfZukunft_Pflanzen.pdf\" target=\"_blank\" rel=\"noreferrer noopener\">DorfZukunft.Pflanzen &#8211; Flyer<\/a><\/p>\n\n\n\n<p>Mehr Informationen zu Pflanzen und Garten-Themen findest du hier: <a href=\"https:\/\/www.wuennenberg-bueren.de\/zweckverband\/dorfzukunft-pflanzen-downloads\/\" target=\"_blank\" rel=\"noreferrer noopener\">DorfZukunft.Pflanzen &#8211; Downloads<\/a><\/p>\n<\/div><\/div>\n\n\n\n<div style=\"height:51px\" aria-hidden=\"true\" class=\"wp-block-spacer\"><\/div>\n\n\n\n<div class=\"wp-block-media-text is-stacked-on-mobile\" style=\"grid-template-columns:15% auto\"><figure class=\"wp-block-media-text__media\"><a href=\"https:\/\/www.wuennenberg-bueren.de\/zweckverband\/wp-content\/uploads\/2025\/01\/Hoermuseum_Bleiwaesche-Flyer.pdf\" target=\"_blank\" rel=\"noreferrer noopener\"><img loading=\"lazy\" decoding=\"async\" width=\"513\" height=\"1024\" src=\"https:\/\/www.wuennenberg-bueren.de\/zweckverband\/wp-content\/uploads\/2025\/01\/Hoermuseum_Bleiwaesche-Flyer_DB-513x1024.jpg\" alt=\"\" class=\"wp-image-2120 size-full\" srcset=\"https:\/\/www.wuennenberg-bueren.de\/zweckverband\/wp-content\/uploads\/2025\/01\/Hoermuseum_Bleiwaesche-Flyer_DB-513x1024.jpg 513w, https:\/\/www.wuennenberg-bueren.de\/zweckverband\/wp-content\/uploads\/2025\/01\/Hoermuseum_Bleiwaesche-Flyer_DB-150x300.jpg 150w, https:\/\/www.wuennenberg-bueren.de\/zweckverband\/wp-content\/uploads\/2025\/01\/Hoermuseum_Bleiwaesche-Flyer_DB-768x1532.jpg 768w, https:\/\/www.wuennenberg-bueren.de\/zweckverband\/wp-content\/uploads\/2025\/01\/Hoermuseum_Bleiwaesche-Flyer_DB-770x1536.jpg 770w, https:\/\/www.wuennenberg-bueren.de\/zweckverband\/wp-content\/uploads\/2025\/01\/Hoermuseum_Bleiwaesche-Flyer_DB-1027x2048.jpg 1027w, https:\/\/www.wuennenberg-bueren.de\/zweckverband\/wp-content\/uploads\/2025\/01\/Hoermuseum_Bleiwaesche-Flyer_DB.jpg 1279w\" sizes=\"auto, (max-width: 513px) 100vw, 513px\" \/><\/a><\/figure><div class=\"wp-block-media-text__content\">\n<p><a href=\"https:\/\/www.wuennenberg-bueren.de\/zweckverband\/wp-content\/uploads\/2025\/01\/Hoermuseum_Bleiwaesche-Flyer.pdf\" target=\"_blank\" rel=\"noreferrer noopener\">H\u00f6rmuseum Bleiw\u00e4scher Bergbau &#8211; Flyer<\/a><\/p>\n<\/div><\/div>\n\n\n\n<p><\/p>\n\n\n\n<div style=\"height:51px\" aria-hidden=\"true\" class=\"wp-block-spacer\"><\/div>\n\n\n\n<div class=\"wp-block-media-text is-stacked-on-mobile\" style=\"grid-template-columns:15% auto\"><figure class=\"wp-block-media-text__media\"><a href=\"https:\/\/www.wuennenberg-bueren.de\/zweckverband\/wp-content\/uploads\/2025\/01\/Hoermuseum_Bleiwaesche-Broschuere.pdf\" target=\"_blank\" rel=\"noreferrer noopener\"><img loading=\"lazy\" decoding=\"async\" width=\"526\" height=\"1024\" src=\"https:\/\/www.wuennenberg-bueren.de\/zweckverband\/wp-content\/uploads\/2025\/01\/Hoermuseum_Bleiwaesche-Broschuere_DB-526x1024.jpg\" alt=\"\" class=\"wp-image-2119 size-full\" srcset=\"https:\/\/www.wuennenberg-bueren.de\/zweckverband\/wp-content\/uploads\/2025\/01\/Hoermuseum_Bleiwaesche-Broschuere_DB-526x1024.jpg 526w, https:\/\/www.wuennenberg-bueren.de\/zweckverband\/wp-content\/uploads\/2025\/01\/Hoermuseum_Bleiwaesche-Broschuere_DB-154x300.jpg 154w, https:\/\/www.wuennenberg-bueren.de\/zweckverband\/wp-content\/uploads\/2025\/01\/Hoermuseum_Bleiwaesche-Broschuere_DB-768x1494.jpg 768w, https:\/\/www.wuennenberg-bueren.de\/zweckverband\/wp-content\/uploads\/2025\/01\/Hoermuseum_Bleiwaesche-Broschuere_DB-789x1536.jpg 789w, https:\/\/www.wuennenberg-bueren.de\/zweckverband\/wp-content\/uploads\/2025\/01\/Hoermuseum_Bleiwaesche-Broschuere_DB-1053x2048.jpg 1053w, https:\/\/www.wuennenberg-bueren.de\/zweckverband\/wp-content\/uploads\/2025\/01\/Hoermuseum_Bleiwaesche-Broschuere_DB.jpg 1311w\" sizes=\"auto, (max-width: 526px) 100vw, 526px\" \/><\/a><\/figure><div class=\"wp-block-media-text__content\">\n<p><a href=\"https:\/\/www.wuennenberg-bueren.de\/zweckverband\/wp-content\/uploads\/2025\/01\/Hoermuseum_Bleiwaesche-Broschuere.pdf\" target=\"_blank\" rel=\"noreferrer noopener\">H\u00f6rmuseum Bleiw\u00e4scher Bergbau &#8211; Brosch\u00fcre<\/a><\/p>\n<\/div><\/div>\n\n\n\n<div style=\"height:51px\" aria-hidden=\"true\" class=\"wp-block-spacer\"><\/div>\n\n\n\n<div class=\"wp-block-media-text is-stacked-on-mobile\" style=\"grid-template-columns:15% auto\"><figure class=\"wp-block-media-text__media\"><a href=\"https:\/\/www.wuennenberg-bueren.de\/zweckverband\/wp-content\/uploads\/2021\/03\/Flyer-Wurzgarten.pdf\" target=\"_blank\" rel=\"noreferrer noopener\"><img loading=\"lazy\" decoding=\"async\" width=\"406\" height=\"850\" src=\"https:\/\/www.wuennenberg-bueren.de\/zweckverband\/wp-content\/uploads\/2022\/11\/Wurzgarten.jpg\" alt=\"\" class=\"wp-image-1337 size-full\" srcset=\"https:\/\/www.wuennenberg-bueren.de\/zweckverband\/wp-content\/uploads\/2022\/11\/Wurzgarten.jpg 406w, https:\/\/www.wuennenberg-bueren.de\/zweckverband\/wp-content\/uploads\/2022\/11\/Wurzgarten-143x300.jpg 143w\" sizes=\"auto, (max-width: 406px) 100vw, 406px\" \/><\/a><\/figure><div class=\"wp-block-media-text__content\">\n<p><a href=\"https:\/\/www.wuennenberg-bueren.de\/zweckverband\/wp-content\/uploads\/2021\/03\/Flyer-Wurzgarten.pdf\" target=\"_blank\" rel=\"noreferrer noopener\">Wurzgarten B\u00fcren<\/a><\/p>\n<\/div><\/div>\n\n\n\n<div style=\"height:51px\" aria-hidden=\"true\" class=\"wp-block-spacer\"><\/div>\n\n\n\n<div class=\"wp-block-media-text is-stacked-on-mobile\" style=\"grid-template-columns:15% auto\"><figure class=\"wp-block-media-text__media\"><a href=\"https:\/\/www.wuennenberg-bueren.de\/zweckverband\/wp-content\/uploads\/2024\/04\/Flyer_Lebensraum-Garten_web.pdf\" target=\"_blank\" rel=\"noreferrer noopener\"><img loading=\"lazy\" decoding=\"async\" width=\"746\" height=\"1024\" src=\"https:\/\/www.wuennenberg-bueren.de\/zweckverband\/wp-content\/uploads\/2024\/04\/Flyer_Lebensraum-Garten-Deckblatt-746x1024.jpg\" alt=\"\" class=\"wp-image-1841 size-full\" srcset=\"https:\/\/www.wuennenberg-bueren.de\/zweckverband\/wp-content\/uploads\/2024\/04\/Flyer_Lebensraum-Garten-Deckblatt-746x1024.jpg 746w, https:\/\/www.wuennenberg-bueren.de\/zweckverband\/wp-content\/uploads\/2024\/04\/Flyer_Lebensraum-Garten-Deckblatt-219x300.jpg 219w, https:\/\/www.wuennenberg-bueren.de\/zweckverband\/wp-content\/uploads\/2024\/04\/Flyer_Lebensraum-Garten-Deckblatt-768x1054.jpg 768w, https:\/\/www.wuennenberg-bueren.de\/zweckverband\/wp-content\/uploads\/2024\/04\/Flyer_Lebensraum-Garten-Deckblatt-1119x1536.jpg 1119w, https:\/\/www.wuennenberg-bueren.de\/zweckverband\/wp-content\/uploads\/2024\/04\/Flyer_Lebensraum-Garten-Deckblatt-1492x2048.jpg 1492w, https:\/\/www.wuennenberg-bueren.de\/zweckverband\/wp-content\/uploads\/2024\/04\/Flyer_Lebensraum-Garten-Deckblatt.jpg 1754w\" sizes=\"auto, (max-width: 746px) 100vw, 746px\" \/><\/a><\/figure><div class=\"wp-block-media-text__content\">\n<p><a href=\"https:\/\/www.wuennenberg-bueren.de\/zweckverband\/wp-content\/uploads\/2024\/04\/Flyer_Lebensraum-Garten_web.pdf\" target=\"_blank\" rel=\"noreferrer noopener\">Dein Garten &#8211; Lebensraum f\u00fcr heimische Tiere &amp; Pflanzen<\/a><\/p>\n<\/div><\/div>\n\n\n\n<div style=\"height:51px\" aria-hidden=\"true\" class=\"wp-block-spacer\"><\/div>\n\n\n\n<div class=\"wp-block-media-text is-stacked-on-mobile\" style=\"grid-template-columns:15% auto\"><figure class=\"wp-block-media-text__media\"><a href=\"https:\/\/www.wuennenberg-bueren.de\/zweckverband\/wp-content\/uploads\/2022\/06\/Flyer-Fledermaus_Rucksack_comp.pdf\" target=\"_blank\" rel=\"noreferrer noopener\"><img loading=\"lazy\" decoding=\"async\" width=\"406\" height=\"850\" src=\"https:\/\/www.wuennenberg-bueren.de\/zweckverband\/wp-content\/uploads\/2022\/11\/Fledermaus-Rcuksack.jpg\" alt=\"\" class=\"wp-image-1339 size-full\" srcset=\"https:\/\/www.wuennenberg-bueren.de\/zweckverband\/wp-content\/uploads\/2022\/11\/Fledermaus-Rcuksack.jpg 406w, https:\/\/www.wuennenberg-bueren.de\/zweckverband\/wp-content\/uploads\/2022\/11\/Fledermaus-Rcuksack-143x300.jpg 143w\" sizes=\"auto, (max-width: 406px) 100vw, 406px\" \/><\/a><\/figure><div class=\"wp-block-media-text__content\">\n<p><a href=\"https:\/\/www.wuennenberg-bueren.de\/zweckverband\/wp-content\/uploads\/2022\/06\/Flyer-Fledermaus_Rucksack_comp.pdf\" target=\"_blank\" rel=\"noreferrer noopener\">Fledermaus-Rucksack<\/a><\/p>\n<\/div><\/div>\n\n\n\n<div style=\"height:51px\" aria-hidden=\"true\" class=\"wp-block-spacer\"><\/div>\n\n\n\n<div class=\"wp-block-media-text is-stacked-on-mobile\" style=\"grid-template-columns:15% auto\"><figure class=\"wp-block-media-text__media\"><a href=\"https:\/\/www.wuennenberg-bueren.de\/zweckverband\/wp-content\/uploads\/2022\/07\/Fledermaus-Rucksack-Broschuere.pdf\" target=\"_blank\" rel=\"noreferrer noopener\"><img loading=\"lazy\" decoding=\"async\" width=\"1024\" height=\"732\" src=\"https:\/\/www.wuennenberg-bueren.de\/zweckverband\/wp-content\/uploads\/2022\/11\/Fledermaus-Broschuere-1024x732.jpg\" alt=\"\" class=\"wp-image-1340 size-full\" srcset=\"https:\/\/www.wuennenberg-bueren.de\/zweckverband\/wp-content\/uploads\/2022\/11\/Fledermaus-Broschuere-1024x732.jpg 1024w, https:\/\/www.wuennenberg-bueren.de\/zweckverband\/wp-content\/uploads\/2022\/11\/Fledermaus-Broschuere-300x215.jpg 300w, https:\/\/www.wuennenberg-bueren.de\/zweckverband\/wp-content\/uploads\/2022\/11\/Fledermaus-Broschuere-768x549.jpg 768w, https:\/\/www.wuennenberg-bueren.de\/zweckverband\/wp-content\/uploads\/2022\/11\/Fledermaus-Broschuere.jpg 1194w\" sizes=\"auto, (max-width: 1024px) 100vw, 1024px\" \/><\/a><\/figure><div class=\"wp-block-media-text__content\">\n<p><a href=\"https:\/\/www.wuennenberg-bueren.de\/zweckverband\/wp-content\/uploads\/2022\/07\/Fledermaus-Rucksack-Broschuere.pdf\" target=\"_blank\" rel=\"noreferrer noopener\">Brosch\u00fcre zum Fledermaus-Rucksack<\/a><\/p>\n<\/div><\/div>\n\n\n\n<div style=\"height:51px\" aria-hidden=\"true\" class=\"wp-block-spacer\"><\/div>\n\n\n\n<div class=\"wp-block-media-text is-stacked-on-mobile\" style=\"grid-template-columns:15% auto\"><figure class=\"wp-block-media-text__media\"><a href=\"https:\/\/www.wuennenberg-bueren.de\/zweckverband\/wp-content\/uploads\/2022\/01\/Fledermaeuse_In_Kirchen.pdf\" target=\"_blank\" rel=\"noreferrer noopener\"><img loading=\"lazy\" decoding=\"async\" width=\"406\" height=\"850\" src=\"https:\/\/www.wuennenberg-bueren.de\/zweckverband\/wp-content\/uploads\/2022\/11\/Fledermaus-Kirche.jpg\" alt=\"\" class=\"wp-image-1338 size-full\" srcset=\"https:\/\/www.wuennenberg-bueren.de\/zweckverband\/wp-content\/uploads\/2022\/11\/Fledermaus-Kirche.jpg 406w, https:\/\/www.wuennenberg-bueren.de\/zweckverband\/wp-content\/uploads\/2022\/11\/Fledermaus-Kirche-143x300.jpg 143w\" sizes=\"auto, (max-width: 406px) 100vw, 406px\" \/><\/a><\/figure><div class=\"wp-block-media-text__content\">\n<p><a href=\"https:\/\/www.wuennenberg-bueren.de\/zweckverband\/wp-content\/uploads\/2022\/01\/Fledermaeuse_In_Kirchen.pdf\" target=\"_blank\" rel=\"noreferrer noopener\">Flederm\u00e4use in Kirchen &#8211; Informationen f\u00fcr Kirchen<\/a><\/p>\n<\/div><\/div>\n\n\n\n<div style=\"height:51px\" aria-hidden=\"true\" class=\"wp-block-spacer\"><\/div>\n\n\n\n<h2 class=\"wp-block-heading\">Wanderbrosch\u00fcre<\/h2>\n\n\n\n<div class=\"wp-block-media-text is-stacked-on-mobile\" style=\"grid-template-columns:15% auto\"><figure class=\"wp-block-media-text__media\"><a href=\"https:\/\/www.bad-wuennenberg.de\/de-wAssets\/docs\/freizeit\/Wanderbroschuere-Bad-Wuennenberg_download.pdf\" target=\"_blank\" rel=\"noreferrer noopener\"><img loading=\"lazy\" decoding=\"async\" width=\"406\" height=\"850\" src=\"https:\/\/www.wuennenberg-bueren.de\/zweckverband\/wp-content\/uploads\/2022\/11\/Wandern.jpg\" alt=\"\" class=\"wp-image-1351 size-full\" srcset=\"https:\/\/www.wuennenberg-bueren.de\/zweckverband\/wp-content\/uploads\/2022\/11\/Wandern.jpg 406w, https:\/\/www.wuennenberg-bueren.de\/zweckverband\/wp-content\/uploads\/2022\/11\/Wandern-143x300.jpg 143w\" sizes=\"auto, (max-width: 406px) 100vw, 406px\" \/><\/a><\/figure><div class=\"wp-block-media-text__content\">\n<p><a href=\"https:\/\/www.wuennenberg-bueren.de\/zweckverband\/wp-content\/uploads\/2021\/03\/Flyer-Wurzgarten.pdf\" target=\"_blank\" rel=\"noreferrer noopener\"><\/a><a href=\"https:\/\/www.wuennenberg-bueren.de\/zweckverband\/wp-content\/uploads\/2022\/01\/Fledermaeuse_In_Kirchen.pdf\" target=\"_blank\" rel=\"noreferrer noopener\"><\/a><a href=\"https:\/\/www.wuennenberg-bueren.de\/zweckverband\/wp-content\/uploads\/2022\/06\/Flyer-Fledermaus_Rucksack_comp.pdf\" target=\"_blank\" rel=\"noreferrer noopener\"><\/a><a href=\"https:\/\/www.wuennenberg-bueren.de\/zweckverband\/wp-content\/uploads\/2021\/03\/Flyer-Heimathaus-Siddinghausen.pdf\" target=\"_blank\" rel=\"noreferrer noopener\"><\/a><a href=\"https:\/\/www.wuennenberg-bueren.de\/zweckverband\/wp-content\/uploads\/2021\/03\/Flyer-Koenigs-Handy.pdf\" target=\"_blank\" rel=\"noreferrer noopener\"><\/a><a href=\"https:\/\/www.wuennenberg-bueren.de\/zweckverband\/wp-content\/uploads\/2021\/03\/Flyer-Zeitreise.pdf\" target=\"_blank\" rel=\"noreferrer noopener\"><\/a><a href=\"https:\/\/www.bad-wuennenberg.de\/de-wAssets\/docs\/freizeit\/Wanderbroschuere-Bad-Wuennenberg_download.pdf\" target=\"_blank\" rel=\"noreferrer noopener\">Wandern in Bad W\u00fcnnenberg<\/a><\/p>\n<\/div><\/div>\n\n\n\n<div style=\"height:51px\" aria-hidden=\"true\" class=\"wp-block-spacer\"><\/div>\n","protected":false},"excerpt":{"rendered":"<p>Flyer \u00fcber den Zweckverband Bad W\u00fcnnenberg\/B\u00fcren Zweckverband Bevorzugtes Erholungsgebiet Bad W\u00fcnnenberg\/B\u00fcren Informationsflyer &amp; Brosch\u00fcren DorfZukunft.Pflanzen &#8211; Flyer Mehr Informationen zu Pflanzen und Garten-Themen findest du hier: DorfZukunft.Pflanzen &#8211; Downloads H\u00f6rmuseum Bleiw\u00e4scher Bergbau &#8211; Flyer H\u00f6rmuseum Bleiw\u00e4scher Bergbau &#8211; Brosch\u00fcre Wurzgarten B\u00fcren Dein Garten &#8211; Lebensraum f\u00fcr heimische Tiere &amp; Pflanzen [&hellip;]<\/p>\n","protected":false},"author":2,"featured_media":0,"parent":0,"menu_order":0,"comment_status":"closed","ping_status":"closed","template":"","meta":{"footnotes":""},"class_list":["post-826","page","type-page","status-publish","hentry"],"_links":{"self":[{"href":"https:\/\/www.wuennenberg-bueren.de\/zweckverband\/wp-json\/wp\/v2\/pages\/826","targetHints":{"allow":["GET"]}}],"collection":[{"href":"https:\/\/www.wuennenberg-bueren.de\/zweckverband\/wp-json\/wp\/v2\/pages"}],"about":[{"href":"https:\/\/www.wuennenberg-bueren.de\/zweckverband\/wp-json\/wp\/v2\/types\/page"}],"author":[{"embeddable":true,"href":"https:\/\/www.wuennenberg-bueren.de\/zweckverband\/wp-json\/wp\/v2\/users\/2"}],"replies":[{"embeddable":true,"href":"https:\/\/www.wuennenberg-bueren.de\/zweckverband\/wp-json\/wp\/v2\/comments?post=826"}],"version-history":[{"count":34,"href":"https:\/\/www.wuennenberg-bueren.de\/zweckverband\/wp-json\/wp\/v2\/pages\/826\/revisions"}],"predecessor-version":[{"id":2727,"href":"https:\/\/www.wuennenberg-bueren.de\/zweckverband\/wp-json\/wp\/v2\/pages\/826\/revisions\/2727"}],"wp:attachment":[{"href":"https:\/\/www.wuennenberg-bueren.de\/zweckverband\/wp-json\/wp\/v2\/media?parent=826"}],"curies":[{"name":"wp","href":"https:\/\/api.w.org\/{rel}","templated":true}]}}