{"id":713,"date":"2020-11-24T10:30:29","date_gmt":"2020-11-24T09:30:29","guid":{"rendered":"https:\/\/www.wuennenberg-bueren.de\/zweckverband\/?page_id=713"},"modified":"2023-04-19T08:17:10","modified_gmt":"2023-04-19T06:17:10","slug":"wurzgarten-heimische-wildpflanzen","status":"publish","type":"page","link":"https:\/\/www.wuennenberg-bueren.de\/zweckverband\/wurzgarten-heimische-wildpflanzen\/","title":{"rendered":"Wurzgarten &#8211; Heimische Wildpflanzen"},"content":{"rendered":"\n<p>Unter heimischen Wildpflanzen versteht man all jene Pflanzen, die in der freien Landschaft vorkommen und nicht durch Menschenhand ver\u00e4ndert wurden.<\/p>\n\n\n\n<p>Vorteil dieser Pflanzen ist eine Jahrtausende dauernde Entwicklung, im Einklang mit ihrer Umgebung und den darin lebenden Wildtieren. So sind heimische Wildpflanzen an das hiesige Klima angepasst, egal ob Hitzesommer oder Rekordwinter. Auch bieten heimische Wildpflanzen der heimischen Tierwelt Nahrung und Unterschlupf und wiederum profitieren Wildpflanzen davon, dass sie von heimischen Tieren genutzt werden. Ein perfekt eingespielter Kreislauf der Natur.<\/p>\n\n\n\n<p>Bei der Pflanzung sollte man darauf achten, dass die jeweilige Pflanze auch zum Standort passt, sprich ob Boden-, Licht- und Feuchteverh\u00e4ltnisse passen.<\/p>\n\n\n\n<p>Neben bunten Bl\u00fchpflanzen sollte man auch nicht die heimischen B\u00e4ume und Str\u00e4ucher au\u00dfer Acht lassen. Auch sie sind wichtig f\u00fcr die heimische Tierwelt, so bieten fr\u00fcchtetragende Str\u00e4ucher Winterfutter f\u00fcr V\u00f6gel und nusstragende Str\u00e4ucher Winterfutter f\u00fcr Eichh\u00f6rnchen.<\/p>\n\n\n\n<p>Weitere <strong>Informationen zum Wurzgarten<\/strong> finden Sie hier:<\/p>\n\n\n\n<ul class=\"wp-block-list\">\n<li><a aria-label=\"undefined (opens in a new tab)\" href=\"https:\/\/www.wuennenberg-bueren.de\/zweckverband\/wurzgarten-bueren\/\" target=\"_blank\" rel=\"noreferrer noopener\">Allgemeine Informationen<\/a><\/li>\n\n\n\n<li><a aria-label=\"undefined (opens in a new tab)\" href=\"https:\/\/www.wuennenberg-bueren.de\/zweckverband\/?page_id=690\" target=\"_blank\" rel=\"noreferrer noopener\">Geschichte<\/a><\/li>\n\n\n\n<li><a aria-label=\"undefined (opens in a new tab)\" href=\"https:\/\/www.wuennenberg-bueren.de\/zweckverband\/?page_id=697\" target=\"_blank\" rel=\"noreferrer noopener\">Der Selberversorger-Garten<\/a><\/li>\n\n\n\n<li><a aria-label=\"undefined (opens in a new tab)\" href=\"https:\/\/www.wuennenberg-bueren.de\/zweckverband\/wurzgarten-der-naturnahe-garten\/\" target=\"_blank\" rel=\"noreferrer noopener\">Der naturnahe Garten<\/a><\/li>\n\n\n\n<li>Heimische Wildpflanzen<\/li>\n\n\n\n<li><a aria-label=\"undefined (opens in a new tab)\" href=\"https:\/\/www.wuennenberg-bueren.de\/zweckverband\/wurzgarten-der-wildtierfreundliche-garten\/\" target=\"_blank\" rel=\"noreferrer noopener\">Der Wildtierfreundliche Garten<\/a><\/li>\n\n\n\n<li><a aria-label=\"undefined (opens in a new tab)\" href=\"https:\/\/www.wuennenberg-bueren.de\/zweckverband\/wurzgarten-kontakt-und-lageplan\/\" target=\"_blank\" rel=\"noreferrer noopener\">Kontakt und Lageplan<\/a><\/li>\n<\/ul>\n\n\n\n<p>Den Flyer zum Download gibt es hier: <a href=\"https:\/\/www.wuennenberg-bueren.de\/zweckverband\/wp-content\/uploads\/2021\/03\/Flyer-Wurzgarten.pdf\" target=\"_blank\" rel=\"noreferrer noopener\">Flyer-Wurzgarten<\/a><\/p>\n\n\n\n<figure class=\"wp-block-image size-large\"><img loading=\"lazy\" decoding=\"async\" width=\"1024\" height=\"576\" src=\"https:\/\/www.wuennenberg-bueren.de\/zweckverband\/wp-content\/uploads\/2020\/11\/20200721_1735460-Gro\u00df-1024x576.jpg\" alt=\"\" class=\"wp-image-718\" srcset=\"https:\/\/www.wuennenberg-bueren.de\/zweckverband\/wp-content\/uploads\/2020\/11\/20200721_1735460-Gro\u00df-1024x576.jpg 1024w, https:\/\/www.wuennenberg-bueren.de\/zweckverband\/wp-content\/uploads\/2020\/11\/20200721_1735460-Gro\u00df-300x169.jpg 300w, https:\/\/www.wuennenberg-bueren.de\/zweckverband\/wp-content\/uploads\/2020\/11\/20200721_1735460-Gro\u00df-768x432.jpg 768w, https:\/\/www.wuennenberg-bueren.de\/zweckverband\/wp-content\/uploads\/2020\/11\/20200721_1735460-Gro\u00df-1536x864.jpg 1536w, https:\/\/www.wuennenberg-bueren.de\/zweckverband\/wp-content\/uploads\/2020\/11\/20200721_1735460-Gro\u00df.jpg 1920w\" sizes=\"auto, (max-width: 1024px) 100vw, 1024px\" \/><\/figure>\n\n\n\n<div style=\"height:10px\" aria-hidden=\"true\" class=\"wp-block-spacer\"><\/div>\n\n\n\n<figure class=\"wp-block-image size-large\"><img loading=\"lazy\" decoding=\"async\" width=\"1024\" height=\"768\" src=\"https:\/\/www.wuennenberg-bueren.de\/zweckverband\/wp-content\/uploads\/2020\/11\/20200702_175513-Gro\u00df-1024x768.jpg\" alt=\"\" class=\"wp-image-719\" srcset=\"https:\/\/www.wuennenberg-bueren.de\/zweckverband\/wp-content\/uploads\/2020\/11\/20200702_175513-Gro\u00df-1024x768.jpg 1024w, https:\/\/www.wuennenberg-bueren.de\/zweckverband\/wp-content\/uploads\/2020\/11\/20200702_175513-Gro\u00df-300x225.jpg 300w, https:\/\/www.wuennenberg-bueren.de\/zweckverband\/wp-content\/uploads\/2020\/11\/20200702_175513-Gro\u00df-768x576.jpg 768w, https:\/\/www.wuennenberg-bueren.de\/zweckverband\/wp-content\/uploads\/2020\/11\/20200702_175513-Gro\u00df.jpg 1440w\" sizes=\"auto, (max-width: 1024px) 100vw, 1024px\" \/><\/figure>\n\n\n\n<div style=\"height:100px\" aria-hidden=\"true\" class=\"wp-block-spacer\"><\/div>\n\n\n<div class=\"wp-block-image\">\n<figure class=\"aligncenter size-large\"><img loading=\"lazy\" decoding=\"async\" width=\"1024\" height=\"221\" src=\"https:\/\/www.wuennenberg-bueren.de\/zweckverband\/wp-content\/uploads\/2021\/08\/LEADER_Wurzgarten-1024x221.jpg\" alt=\"\" class=\"wp-image-925\" srcset=\"https:\/\/www.wuennenberg-bueren.de\/zweckverband\/wp-content\/uploads\/2021\/08\/LEADER_Wurzgarten-1024x221.jpg 1024w, https:\/\/www.wuennenberg-bueren.de\/zweckverband\/wp-content\/uploads\/2021\/08\/LEADER_Wurzgarten-300x65.jpg 300w, https:\/\/www.wuennenberg-bueren.de\/zweckverband\/wp-content\/uploads\/2021\/08\/LEADER_Wurzgarten-768x166.jpg 768w, https:\/\/www.wuennenberg-bueren.de\/zweckverband\/wp-content\/uploads\/2021\/08\/LEADER_Wurzgarten-1536x332.jpg 1536w, https:\/\/www.wuennenberg-bueren.de\/zweckverband\/wp-content\/uploads\/2021\/08\/LEADER_Wurzgarten.jpg 1862w\" sizes=\"auto, (max-width: 1024px) 100vw, 1024px\" \/><\/figure>\n<\/div>\n\n\n<div style=\"height:100px\" aria-hidden=\"true\" class=\"wp-block-spacer\"><\/div>\n","protected":false},"excerpt":{"rendered":"<p>Unter heimischen Wildpflanzen versteht man all jene Pflanzen, die in der freien Landschaft vorkommen und nicht durch Menschenhand ver\u00e4ndert wurden. Vorteil dieser Pflanzen ist eine Jahrtausende dauernde Entwicklung, im Einklang mit ihrer Umgebung und den darin lebenden Wildtieren. So sind heimische Wildpflanzen an das hiesige Klima angepasst, egal ob Hitzesommer [&hellip;]<\/p>\n","protected":false},"author":2,"featured_media":717,"parent":0,"menu_order":0,"comment_status":"closed","ping_status":"closed","template":"","meta":{"footnotes":""},"class_list":["post-713","page","type-page","status-publish","has-post-thumbnail","hentry"],"_links":{"self":[{"href":"https:\/\/www.wuennenberg-bueren.de\/zweckverband\/wp-json\/wp\/v2\/pages\/713","targetHints":{"allow":["GET"]}}],"collection":[{"href":"https:\/\/www.wuennenberg-bueren.de\/zweckverband\/wp-json\/wp\/v2\/pages"}],"about":[{"href":"https:\/\/www.wuennenberg-bueren.de\/zweckverband\/wp-json\/wp\/v2\/types\/page"}],"author":[{"embeddable":true,"href":"https:\/\/www.wuennenberg-bueren.de\/zweckverband\/wp-json\/wp\/v2\/users\/2"}],"replies":[{"embeddable":true,"href":"https:\/\/www.wuennenberg-bueren.de\/zweckverband\/wp-json\/wp\/v2\/comments?post=713"}],"version-history":[{"count":8,"href":"https:\/\/www.wuennenberg-bueren.de\/zweckverband\/wp-json\/wp\/v2\/pages\/713\/revisions"}],"predecessor-version":[{"id":1508,"href":"https:\/\/www.wuennenberg-bueren.de\/zweckverband\/wp-json\/wp\/v2\/pages\/713\/revisions\/1508"}],"wp:featuredmedia":[{"embeddable":true,"href":"https:\/\/www.wuennenberg-bueren.de\/zweckverband\/wp-json\/wp\/v2\/media\/717"}],"wp:attachment":[{"href":"https:\/\/www.wuennenberg-bueren.de\/zweckverband\/wp-json\/wp\/v2\/media?parent=713"}],"curies":[{"name":"wp","href":"https:\/\/api.w.org\/{rel}","templated":true}]}}