{"id":51,"date":"2018-07-17T11:34:08","date_gmt":"2018-07-17T09:34:08","guid":{"rendered":"http:\/\/www.wuennenberg-bueren.de\/zweckverband\/?page_id=51"},"modified":"2025-04-10T10:28:29","modified_gmt":"2025-04-10T08:28:29","slug":"kontakt","status":"publish","type":"page","link":"https:\/\/www.wuennenberg-bueren.de\/zweckverband\/kontakt\/","title":{"rendered":"Kontakt"},"content":{"rendered":"\n<figure class=\"wp-block-image size-large is-resized\"><img loading=\"lazy\" decoding=\"async\" width=\"1024\" height=\"375\" src=\"https:\/\/www.wuennenberg-bueren.de\/zweckverband\/wp-content\/uploads\/2020\/11\/cropped-Zweckverband_Logo_2-1024x375.jpg\" alt=\"\" class=\"wp-image-2130\" style=\"width:447px;height:auto\" srcset=\"https:\/\/www.wuennenberg-bueren.de\/zweckverband\/wp-content\/uploads\/2020\/11\/cropped-Zweckverband_Logo_2-1024x375.jpg 1024w, https:\/\/www.wuennenberg-bueren.de\/zweckverband\/wp-content\/uploads\/2020\/11\/cropped-Zweckverband_Logo_2-300x110.jpg 300w, https:\/\/www.wuennenberg-bueren.de\/zweckverband\/wp-content\/uploads\/2020\/11\/cropped-Zweckverband_Logo_2-768x281.jpg 768w, https:\/\/www.wuennenberg-bueren.de\/zweckverband\/wp-content\/uploads\/2020\/11\/cropped-Zweckverband_Logo_2-1536x563.jpg 1536w, https:\/\/www.wuennenberg-bueren.de\/zweckverband\/wp-content\/uploads\/2020\/11\/cropped-Zweckverband_Logo_2-2048x750.jpg 2048w\" sizes=\"auto, (max-width: 1024px) 100vw, 1024px\" \/><\/figure>\n\n\n<p><strong>Zweckverband Erholungsgebiet Bad W\u00fcnnenberg\/B\u00fcren<\/strong><\/p>\n<p><strong>Dipl. Ing. Carolin Schepers (TUM)<br \/><\/strong><\/p>\n<p>Gesch\u00e4ftsf\u00fchrerin<\/p>\n<p><strong>\u00a0<\/strong><\/p>\n<p>Poststra\u00dfe 15<\/p>\n<p>33181 Bad W\u00fcnnenberg<\/p>\n<p>Mobiltel.: 0160 654 02 32<\/p>\n<p>E-Mail: <a href=\"mailto:erholungsgebiet@wuennenberg-bueren.de\">erholungsgebiet@wuennenberg-bueren.de<\/a><\/p>\n<p><a href=\"http:\/\/www.wuennenberg-bueren.de\/\">www.wuennenberg-bueren.de<\/a><\/p>\n<p>B\u00fcrozeiten: nach Vereinbarung<\/p>\n<p>gesch\u00e4ftsf\u00fchrendes Verbandsmitglied: Stadt Bad W\u00fcnnenberg<\/p>\n<p><a href=\"http:\/\/www.wuennenberg-bueren.de\"><\/a> <o:p><\/o:p><\/p>\n\n\n<div style=\"height:53px\" aria-hidden=\"true\" class=\"wp-block-spacer\"><\/div>\n\n\n\n<div class=\"wp-block-media-text is-stacked-on-mobile is-vertically-aligned-center\" style=\"grid-template-columns:19% auto\"><figure class=\"wp-block-media-text__media\"><img loading=\"lazy\" decoding=\"async\" width=\"891\" height=\"1024\" src=\"https:\/\/www.wuennenberg-bueren.de\/zweckverband\/wp-content\/uploads\/2025\/01\/Insta_QR-891x1024.jpg\" alt=\"\" class=\"wp-image-2147 size-full\" srcset=\"https:\/\/www.wuennenberg-bueren.de\/zweckverband\/wp-content\/uploads\/2025\/01\/Insta_QR-891x1024.jpg 891w, https:\/\/www.wuennenberg-bueren.de\/zweckverband\/wp-content\/uploads\/2025\/01\/Insta_QR-261x300.jpg 261w, https:\/\/www.wuennenberg-bueren.de\/zweckverband\/wp-content\/uploads\/2025\/01\/Insta_QR-768x882.jpg 768w, https:\/\/www.wuennenberg-bueren.de\/zweckverband\/wp-content\/uploads\/2025\/01\/Insta_QR-1337x1536.jpg 1337w, https:\/\/www.wuennenberg-bueren.de\/zweckverband\/wp-content\/uploads\/2025\/01\/Insta_QR-1783x2048.jpg 1783w\" sizes=\"auto, (max-width: 891px) 100vw, 891px\" \/><\/figure><div class=\"wp-block-media-text__content\">\n<h2 class=\"wp-block-heading\">Jetzt auch bei Instagram<\/h2>\n\n\n\n<p><a href=\"https:\/\/www.instagram.com\/badwuennenberg.bueren?igsh=d3JjMnd0ZjY1YXk3\" target=\"_blank\" rel=\"noreferrer noopener\">@badwuennenberg-bueren<\/a><\/p>\n<\/div><\/div>\n\n\n\n<div style=\"height:53px\" aria-hidden=\"true\" class=\"wp-block-spacer\"><\/div>\n","protected":false},"excerpt":{"rendered":"<p>Zweckverband Erholungsgebiet Bad W\u00fcnnenberg\/B\u00fcren Dipl. Ing. Carolin Schepers (TUM) Gesch\u00e4ftsf\u00fchrerin \u00a0 Poststra\u00dfe 15 33181 Bad W\u00fcnnenberg Mobiltel.: 0160 654 02 32 E-Mail: erholungsgebiet@wuennenberg-bueren.de www.wuennenberg-bueren.de B\u00fcrozeiten: nach Vereinbarung gesch\u00e4ftsf\u00fchrendes Verbandsmitglied: Stadt Bad W\u00fcnnenberg Jetzt auch bei Instagram @badwuennenberg-bueren<\/p>\n","protected":false},"author":2,"featured_media":0,"parent":0,"menu_order":0,"comment_status":"closed","ping_status":"closed","template":"","meta":{"footnotes":""},"class_list":["post-51","page","type-page","status-publish","hentry"],"_links":{"self":[{"href":"https:\/\/www.wuennenberg-bueren.de\/zweckverband\/wp-json\/wp\/v2\/pages\/51","targetHints":{"allow":["GET"]}}],"collection":[{"href":"https:\/\/www.wuennenberg-bueren.de\/zweckverband\/wp-json\/wp\/v2\/pages"}],"about":[{"href":"https:\/\/www.wuennenberg-bueren.de\/zweckverband\/wp-json\/wp\/v2\/types\/page"}],"author":[{"embeddable":true,"href":"https:\/\/www.wuennenberg-bueren.de\/zweckverband\/wp-json\/wp\/v2\/users\/2"}],"replies":[{"embeddable":true,"href":"https:\/\/www.wuennenberg-bueren.de\/zweckverband\/wp-json\/wp\/v2\/comments?post=51"}],"version-history":[{"count":10,"href":"https:\/\/www.wuennenberg-bueren.de\/zweckverband\/wp-json\/wp\/v2\/pages\/51\/revisions"}],"predecessor-version":[{"id":2278,"href":"https:\/\/www.wuennenberg-bueren.de\/zweckverband\/wp-json\/wp\/v2\/pages\/51\/revisions\/2278"}],"wp:attachment":[{"href":"https:\/\/www.wuennenberg-bueren.de\/zweckverband\/wp-json\/wp\/v2\/media?parent=51"}],"curies":[{"name":"wp","href":"https:\/\/api.w.org\/{rel}","templated":true}]}}