{"id":493,"date":"2020-02-11T16:19:18","date_gmt":"2020-02-11T15:19:18","guid":{"rendered":"https:\/\/www.wuennenberg-bueren.de\/zweckverband\/?page_id=493"},"modified":"2025-12-09T12:34:04","modified_gmt":"2025-12-09T11:34:04","slug":"wurzgarten-bueren","status":"publish","type":"page","link":"https:\/\/www.wuennenberg-bueren.de\/zweckverband\/wurzgarten-bueren\/","title":{"rendered":"Wurzgarten in B\u00fcren"},"content":{"rendered":"\n<div class=\"wp-block-media-text has-media-on-the-right is-stacked-on-mobile\" style=\"grid-template-columns:auto 36%\"><div class=\"wp-block-media-text__content\">\n<h2 class=\"wp-block-heading\"><strong>Gemeinsam G\u00e4rtnern, Lachen und Leben<\/strong><\/h2>\n<\/div><figure class=\"wp-block-media-text__media\"><img loading=\"lazy\" decoding=\"async\" width=\"1024\" height=\"993\" src=\"https:\/\/www.wuennenberg-bueren.de\/zweckverband\/wp-content\/uploads\/2025\/07\/Wurzgarten-Logo-1-1024x993.jpg\" alt=\"\" class=\"wp-image-2528 size-full\" srcset=\"https:\/\/www.wuennenberg-bueren.de\/zweckverband\/wp-content\/uploads\/2025\/07\/Wurzgarten-Logo-1-1024x993.jpg 1024w, https:\/\/www.wuennenberg-bueren.de\/zweckverband\/wp-content\/uploads\/2025\/07\/Wurzgarten-Logo-1-300x291.jpg 300w, https:\/\/www.wuennenberg-bueren.de\/zweckverband\/wp-content\/uploads\/2025\/07\/Wurzgarten-Logo-1-768x745.jpg 768w, https:\/\/www.wuennenberg-bueren.de\/zweckverband\/wp-content\/uploads\/2025\/07\/Wurzgarten-Logo-1.jpg 1203w\" sizes=\"auto, (max-width: 1024px) 100vw, 1024px\" \/><\/figure><\/div>\n\n\n\n<p><\/p>\n\n\n\n<div style=\"height:54px\" aria-hidden=\"true\" class=\"wp-block-spacer\"><\/div>\n\n\n\n<p>Mitten im Herzen von B\u00fcren liegt ein ganz besonderer Ort der Begegnung: der <strong>Wurzgarten<\/strong>.<\/p>\n\n\n\n<p>Hier wachsen nicht nur Kr\u00e4uter, Gem\u00fcse und Blumen \u2013 hier w\u00e4chst auch Gemeinschaft. Seit 2022 steht der Garten allen B\u00fcrger*innen und Vereinen offen, um gemeinsam zu pflanzen, zu pflegen, zu ernten \u2013 und vor allem: um Zeit miteinander zu verbringen.<\/p>\n\n\n\n<p>Ob Heilkr\u00e4uterbeete, Gem\u00fcseparzellen oder einfach eine Picknickpause im Gr\u00fcnen \u2013 der Wurzgarten bietet f\u00fcr jeden etwas. Der Spa\u00df und das Miteinander stehen dabei immer im Vordergrund.<\/p>\n\n\n\n<div style=\"height:54px\" aria-hidden=\"true\" class=\"wp-block-spacer\"><\/div>\n\n\n\n<div class=\"wp-block-media-text is-stacked-on-mobile\"><figure class=\"wp-block-media-text__media\"><a href=\"https:\/\/www.ardmediathek.de\/video\/lokalzeit-owl\/wdr-lokalzeit-owl-oder-12-06-2025\/wdr-bielefeld\/Y3JpZDovL3dkci5kZS9CZWl0cmFnLXNvcGhvcmEtMTc4NWYxMDktODFjYi00NDNlLWIwODUtMWUwODY2ZDdkM2Q3\" target=\"_blank\" rel=\"noreferrer noopener\"><img loading=\"lazy\" decoding=\"async\" width=\"1024\" height=\"620\" src=\"https:\/\/www.wuennenberg-bueren.de\/zweckverband\/wp-content\/uploads\/2025\/10\/Lokalzeit_Owl-12_06_2025-1024x620.jpg\" alt=\"\" class=\"wp-image-2657 size-full\" srcset=\"https:\/\/www.wuennenberg-bueren.de\/zweckverband\/wp-content\/uploads\/2025\/10\/Lokalzeit_Owl-12_06_2025-1024x620.jpg 1024w, https:\/\/www.wuennenberg-bueren.de\/zweckverband\/wp-content\/uploads\/2025\/10\/Lokalzeit_Owl-12_06_2025-300x182.jpg 300w, https:\/\/www.wuennenberg-bueren.de\/zweckverband\/wp-content\/uploads\/2025\/10\/Lokalzeit_Owl-12_06_2025-768x465.jpg 768w, https:\/\/www.wuennenberg-bueren.de\/zweckverband\/wp-content\/uploads\/2025\/10\/Lokalzeit_Owl-12_06_2025.jpg 1311w\" sizes=\"auto, (max-width: 1024px) 100vw, 1024px\" \/><\/a><\/figure><div class=\"wp-block-media-text__content\">\n<p><strong>Wir waren sogar schon einmal im Fernsehen!<\/strong><\/p>\n\n\n\n<p>Schau dir <a href=\"https:\/\/www.ardmediathek.de\/video\/lokalzeit-owl\/wdr-lokalzeit-owl-oder-12-06-2025\/wdr-bielefeld\/Y3JpZDovL3dkci5kZS9CZWl0cmFnLXNvcGhvcmEtMTc4NWYxMDktODFjYi00NDNlLWIwODUtMWUwODY2ZDdkM2Q3\" target=\"_blank\" rel=\"noreferrer noopener\">hier<\/a> den Beitrag an. <\/p>\n\n\n\n<p>Ab ca. <em>Minute 20:48<\/em> kannst du einen Blick in unseren Gemeinschaftsgarten werfen.<\/p>\n<\/div><\/div>\n\n\n\n<div style=\"height:54px\" aria-hidden=\"true\" class=\"wp-block-spacer\"><\/div>\n\n\n\n<p><strong>Ein Garten f\u00fcr alle:<\/strong><br>Kinder, Familien, Senior<em>innen, Gefl\u00fcchtete, Hobbyg\u00e4rtner<\/em>innen und Neulinge mit gr\u00fcnem Daumen \u2013 sie alle finden im Wurzgarten ihren Platz. Ob beim Pflanzen, Gie\u00dfen, Buddeln oder beim gemeinsamen Picknick unter den B\u00e4umen \u2013 der Garten ist ein lebendiger Treffpunkt f\u00fcr Austausch, Integration und Lebensfreude.<\/p>\n\n\n\n<div style=\"height:54px\" aria-hidden=\"true\" class=\"wp-block-spacer\"><\/div>\n\n\n\n<figure class=\"wp-block-image size-large\"><img loading=\"lazy\" decoding=\"async\" width=\"1024\" height=\"462\" src=\"https:\/\/www.wuennenberg-bueren.de\/zweckverband\/wp-content\/uploads\/2022\/11\/Wurzgarten-Presseartikel_10_08_2022-1024x462.jpg\" alt=\"\" class=\"wp-image-1239\" srcset=\"https:\/\/www.wuennenberg-bueren.de\/zweckverband\/wp-content\/uploads\/2022\/11\/Wurzgarten-Presseartikel_10_08_2022-1024x462.jpg 1024w, https:\/\/www.wuennenberg-bueren.de\/zweckverband\/wp-content\/uploads\/2022\/11\/Wurzgarten-Presseartikel_10_08_2022-300x135.jpg 300w, https:\/\/www.wuennenberg-bueren.de\/zweckverband\/wp-content\/uploads\/2022\/11\/Wurzgarten-Presseartikel_10_08_2022-768x346.jpg 768w, https:\/\/www.wuennenberg-bueren.de\/zweckverband\/wp-content\/uploads\/2022\/11\/Wurzgarten-Presseartikel_10_08_2022.jpg 1384w\" sizes=\"auto, (max-width: 1024px) 100vw, 1024px\" \/><figcaption class=\"wp-element-caption\">Freude am G\u00e4rtnern im B\u00fcrener Wurzgarten: Fiacre und Sabrina Nsanzabandi, Irene Blumenthal-Ahmed, Semin, Canar und B\u00fcsra Hancilar, Imran Ahmed, Torben Ebeling, Anne Happe, (vorne) Saim Hancilar, Edith Bauer, Irina Hartwich und Carolin Schepers. Foto: Stadt B\u00fcren<\/figcaption><\/figure>\n\n\n\n<div style=\"height:54px\" aria-hidden=\"true\" class=\"wp-block-spacer\"><\/div>\n\n\n\n<p>Dass sich hier alle willkommen und wohlf\u00fchlen, ist vor allem dem Engagement der Fl\u00fcchtlingsinitiative <strong>\u201eB\u00fcren ist bunt\u201c<\/strong>, der <strong>st\u00e4dtischen Jugendpflege<\/strong> sowie vieler <strong>tatkr\u00e4ftiger B\u00fcrger*innen<\/strong> zu verdanken.<\/p>\n\n\n\n<div style=\"height:54px\" aria-hidden=\"true\" class=\"wp-block-spacer\"><\/div>\n\n\n\n<div class=\"wp-block-media-text is-stacked-on-mobile\"><figure class=\"wp-block-media-text__media\"><a href=\"https:\/\/www.wuennenberg-bueren.de\/zweckverband\/2025\/12\/09\/1-platz-beim-klimaschutzpreis-2024-fuer-den-wurzgarten-bueren\/\" target=\"_blank\" rel=\"noreferrer noopener\"><img loading=\"lazy\" decoding=\"async\" width=\"1024\" height=\"576\" src=\"https:\/\/www.wuennenberg-bueren.de\/zweckverband\/wp-content\/uploads\/2025\/12\/klimaschutzpreis2024-1024x576.jpg\" alt=\"\" class=\"wp-image-2707 size-full\" srcset=\"https:\/\/www.wuennenberg-bueren.de\/zweckverband\/wp-content\/uploads\/2025\/12\/klimaschutzpreis2024-1024x576.jpg 1024w, https:\/\/www.wuennenberg-bueren.de\/zweckverband\/wp-content\/uploads\/2025\/12\/klimaschutzpreis2024-300x169.jpg 300w, https:\/\/www.wuennenberg-bueren.de\/zweckverband\/wp-content\/uploads\/2025\/12\/klimaschutzpreis2024-768x432.jpg 768w, https:\/\/www.wuennenberg-bueren.de\/zweckverband\/wp-content\/uploads\/2025\/12\/klimaschutzpreis2024.jpg 1195w\" sizes=\"auto, (max-width: 1024px) 100vw, 1024px\" \/><\/a><\/figure><div class=\"wp-block-media-text__content\">\n<p><strong>1. Platz beim Klimaschutzpreis 2024 <\/strong><br><strong>f\u00fcr den Wurzgarten B\u00fcren!<\/strong><\/p>\n\n\n\n<p>Schau dir <a href=\"https:\/\/www.wuennenberg-bueren.de\/zweckverband\/2025\/12\/09\/1-platz-beim-klimaschutzpreis-2024-fuer-den-wurzgarten-bueren\/\" target=\"_blank\" rel=\"noreferrer noopener\">hier<\/a> den Beitrag an. <\/p>\n\n\n\n<p><\/p>\n<\/div><\/div>\n\n\n\n<div style=\"height:54px\" aria-hidden=\"true\" class=\"wp-block-spacer\"><\/div>\n\n\n\n<p><strong>Mitmachen erw\u00fcnscht!<\/strong><br>Du hast Lust, dich einzubringen? Eigene Ideen, gr\u00fcne Daumen oder einfach nur Spa\u00df an Gemeinschaft? Im Wurzgarten bist du herzlich willkommen!<\/p>\n\n\n\n<div style=\"height:54px\" aria-hidden=\"true\" class=\"wp-block-spacer\"><\/div>\n\n\n\n<h2 class=\"wp-block-heading\">Save the date!<\/h2>\n\n\n\n<figure class=\"wp-block-image size-large\"><img decoding=\"async\" src=\"https:\/\/www.wuennenberg-bueren.de\/zweckverband\/wp-content\/uploads\/2025\/11\/Banner-TageGaertenPark_2025-CS-1024x411.jpg\" alt=\"\" class=\"wp-image-2693\"\/><\/figure>\n\n\n\n<p><strong>Wir werden auch in 2026 wieder dabei sein. <\/strong><\/p>\n\n\n\n<p>Alle Informationen wirst du hier auf unserer Internetseite finden:<\/p>\n\n\n\n<p><a href=\"https:\/\/www.wuennenberg-bueren.de\/zweckverband\/category\/veranstaltungen\/\" target=\"_blank\" rel=\"noreferrer noopener\">Tage der G\u00e4rten und Parks &#8211; Veranstaltungen<\/a><\/p>\n\n\n\n<div style=\"height:65px\" aria-hidden=\"true\" class=\"wp-block-spacer\"><\/div>\n\n\n\n<div class=\"wp-block-media-text is-stacked-on-mobile is-vertically-aligned-center\" style=\"grid-template-columns:19% auto\"><figure class=\"wp-block-media-text__media\"><img loading=\"lazy\" decoding=\"async\" width=\"891\" height=\"1024\" src=\"https:\/\/www.wuennenberg-bueren.de\/zweckverband\/wp-content\/uploads\/2025\/01\/Insta_QR-891x1024.jpg\" alt=\"\" class=\"wp-image-2147 size-full\" srcset=\"https:\/\/www.wuennenberg-bueren.de\/zweckverband\/wp-content\/uploads\/2025\/01\/Insta_QR-891x1024.jpg 891w, https:\/\/www.wuennenberg-bueren.de\/zweckverband\/wp-content\/uploads\/2025\/01\/Insta_QR-261x300.jpg 261w, https:\/\/www.wuennenberg-bueren.de\/zweckverband\/wp-content\/uploads\/2025\/01\/Insta_QR-768x882.jpg 768w, https:\/\/www.wuennenberg-bueren.de\/zweckverband\/wp-content\/uploads\/2025\/01\/Insta_QR-1337x1536.jpg 1337w, https:\/\/www.wuennenberg-bueren.de\/zweckverband\/wp-content\/uploads\/2025\/01\/Insta_QR-1783x2048.jpg 1783w\" sizes=\"auto, (max-width: 891px) 100vw, 891px\" \/><\/figure><div class=\"wp-block-media-text__content\">\n<h2 class=\"wp-block-heading\">Jetzt auch bei Instagram<\/h2>\n\n\n\n<p><a href=\"https:\/\/www.instagram.com\/badwuennenberg.bueren?igsh=d3JjMnd0ZjY1YXk3\" target=\"_blank\" rel=\"noreferrer noopener\">@badwuennenberg-bueren<\/a><\/p>\n<\/div><\/div>\n\n\n\n<div style=\"height:53px\" aria-hidden=\"true\" class=\"wp-block-spacer\"><\/div>\n\n\n\n<p>Weitere <strong>Informationen zum Wurzgarten<\/strong> finden Sie hier:<\/p>\n\n\n\n<ul class=\"wp-block-list\">\n<li>Allgemein<\/li>\n\n\n\n<li><a aria-label=\"undefined (opens in a new tab)\" href=\"https:\/\/www.wuennenberg-bueren.de\/zweckverband\/?page_id=690\" target=\"_blank\" rel=\"noreferrer noopener\">Geschichte<\/a><\/li>\n\n\n\n<li><a aria-label=\"undefined (opens in a new tab)\" href=\"https:\/\/www.wuennenberg-bueren.de\/zweckverband\/?page_id=697\" target=\"_blank\" rel=\"noreferrer noopener\">Der Selberversorger-Garten<\/a><\/li>\n\n\n\n<li><a aria-label=\"undefined (opens in a new tab)\" href=\"https:\/\/www.wuennenberg-bueren.de\/zweckverband\/wurzgarten-der-naturnahe-garten\/\" target=\"_blank\" rel=\"noreferrer noopener\">Der naturnahe Garten<\/a><\/li>\n\n\n\n<li><a aria-label=\"undefined (opens in a new tab)\" href=\"https:\/\/www.wuennenberg-bueren.de\/zweckverband\/wurzgarten-heimische-wildpflanzen\/\" target=\"_blank\" rel=\"noreferrer noopener\">Heimische Wildpflanzen<\/a><\/li>\n\n\n\n<li><a aria-label=\"undefined (opens in a new tab)\" href=\"https:\/\/www.wuennenberg-bueren.de\/zweckverband\/wurzgarten-der-wildtierfreundliche-garten\/\" target=\"_blank\" rel=\"noreferrer noopener\">Der Wildtierfreundliche Garten<\/a><\/li>\n\n\n\n<li><a aria-label=\"undefined (opens in a new tab)\" href=\"https:\/\/www.wuennenberg-bueren.de\/zweckverband\/wurzgarten-kontakt-und-lageplan\/\" target=\"_blank\" rel=\"noreferrer noopener\">Kontakt und Lageplan<\/a><\/li>\n\n\n\n<li><a href=\"https:\/\/www.wuennenberg-bueren.de\/zweckverband\/category\/veranstaltungen\/\" target=\"_blank\" rel=\"noreferrer noopener\">Veranstaltungen<\/a><\/li>\n<\/ul>\n\n\n\n<p>Den Flyer zum Download gibt es hier: <a href=\"https:\/\/www.wuennenberg-bueren.de\/zweckverband\/wp-content\/uploads\/2021\/03\/Flyer-Wurzgarten.pdf\" target=\"_blank\" rel=\"noreferrer noopener\">Flyer-Wurzgarten<\/a><\/p>\n\n\n\n<p>Pressever\u00f6ffentlichung gibt es hier: <a href=\"https:\/\/www.wuennenberg-bueren.de\/zweckverband\/wurzgarten-presseartikel\/\">Wurzgarten \u2013 Pressever\u00f6ffentlichung<\/a><\/p>\n\n\n\n<div style=\"height:56px\" aria-hidden=\"true\" class=\"wp-block-spacer\"><\/div>\n\n\n\n<h3 class=\"wp-block-heading\"><strong>Du m\u00f6chtest mitg\u00e4rtnern oder einfach mal vorbeischauen?<\/strong><br><strong>Dann melde dich gerne bei uns \u2013 wir freuen uns auf dich!<\/strong><\/h3>\n\n\n\n<p><strong>Carolin Schepers  <\/strong><\/p>\n\n\n\n<p>Mobiltel.: 0160 654 02 32   <br>E-Mail: <a href=\"mailto:erholungsgebiet@wuennenberg-bueren.de\">erholungsgebiet@wuennenberg-bueren.de<\/a> <\/p>\n\n\n\n<figure class=\"wp-block-gallery has-nested-images columns-default is-cropped wp-block-gallery-1 is-layout-flex wp-block-gallery-is-layout-flex\">\n<figure class=\"wp-block-image size-large\"><img loading=\"lazy\" decoding=\"async\" width=\"1024\" height=\"768\" data-id=\"1586\" src=\"https:\/\/www.wuennenberg-bueren.de\/zweckverband\/wp-content\/uploads\/2023\/10\/20220715_140156-1024x768.jpg\" alt=\"\" class=\"wp-image-1586\" srcset=\"https:\/\/www.wuennenberg-bueren.de\/zweckverband\/wp-content\/uploads\/2023\/10\/20220715_140156-1024x768.jpg 1024w, https:\/\/www.wuennenberg-bueren.de\/zweckverband\/wp-content\/uploads\/2023\/10\/20220715_140156-300x225.jpg 300w, https:\/\/www.wuennenberg-bueren.de\/zweckverband\/wp-content\/uploads\/2023\/10\/20220715_140156-768x576.jpg 768w, https:\/\/www.wuennenberg-bueren.de\/zweckverband\/wp-content\/uploads\/2023\/10\/20220715_140156-1536x1152.jpg 1536w, https:\/\/www.wuennenberg-bueren.de\/zweckverband\/wp-content\/uploads\/2023\/10\/20220715_140156-2048x1536.jpg 2048w\" sizes=\"auto, (max-width: 1024px) 100vw, 1024px\" \/><\/figure>\n\n\n\n<figure class=\"wp-block-image size-large\"><img loading=\"lazy\" decoding=\"async\" width=\"1024\" height=\"768\" data-id=\"687\" src=\"https:\/\/www.wuennenberg-bueren.de\/zweckverband\/wp-content\/uploads\/2020\/11\/20200917_135426-Gro\u00df-1024x768.jpg\" alt=\"\" class=\"wp-image-687\" srcset=\"https:\/\/www.wuennenberg-bueren.de\/zweckverband\/wp-content\/uploads\/2020\/11\/20200917_135426-Gro\u00df-1024x768.jpg 1024w, https:\/\/www.wuennenberg-bueren.de\/zweckverband\/wp-content\/uploads\/2020\/11\/20200917_135426-Gro\u00df-300x225.jpg 300w, https:\/\/www.wuennenberg-bueren.de\/zweckverband\/wp-content\/uploads\/2020\/11\/20200917_135426-Gro\u00df-768x576.jpg 768w, https:\/\/www.wuennenberg-bueren.de\/zweckverband\/wp-content\/uploads\/2020\/11\/20200917_135426-Gro\u00df.jpg 1440w\" sizes=\"auto, (max-width: 1024px) 100vw, 1024px\" \/><\/figure>\n<\/figure>\n\n\n\n<div style=\"height:9px\" aria-hidden=\"true\" class=\"wp-block-spacer\"><\/div>\n\n\n\n<figure class=\"wp-block-image size-large\"><img loading=\"lazy\" decoding=\"async\" width=\"1024\" height=\"768\" src=\"https:\/\/www.wuennenberg-bueren.de\/zweckverband\/wp-content\/uploads\/2023\/10\/20220623_152045-1024x768.jpg\" alt=\"\" class=\"wp-image-1585\" srcset=\"https:\/\/www.wuennenberg-bueren.de\/zweckverband\/wp-content\/uploads\/2023\/10\/20220623_152045-1024x768.jpg 1024w, https:\/\/www.wuennenberg-bueren.de\/zweckverband\/wp-content\/uploads\/2023\/10\/20220623_152045-300x225.jpg 300w, https:\/\/www.wuennenberg-bueren.de\/zweckverband\/wp-content\/uploads\/2023\/10\/20220623_152045-768x576.jpg 768w, https:\/\/www.wuennenberg-bueren.de\/zweckverband\/wp-content\/uploads\/2023\/10\/20220623_152045.jpg 1209w\" sizes=\"auto, (max-width: 1024px) 100vw, 1024px\" \/><\/figure>\n\n\n\n<div style=\"height:100px\" aria-hidden=\"true\" class=\"wp-block-spacer\"><\/div>\n\n\n\n<figure class=\"wp-block-image size-large\"><img loading=\"lazy\" decoding=\"async\" width=\"1024\" height=\"221\" src=\"https:\/\/www.wuennenberg-bueren.de\/zweckverband\/wp-content\/uploads\/2021\/08\/LEADER_Wurzgarten-1024x221.jpg\" alt=\"\" class=\"wp-image-925\" srcset=\"https:\/\/www.wuennenberg-bueren.de\/zweckverband\/wp-content\/uploads\/2021\/08\/LEADER_Wurzgarten-1024x221.jpg 1024w, https:\/\/www.wuennenberg-bueren.de\/zweckverband\/wp-content\/uploads\/2021\/08\/LEADER_Wurzgarten-300x65.jpg 300w, https:\/\/www.wuennenberg-bueren.de\/zweckverband\/wp-content\/uploads\/2021\/08\/LEADER_Wurzgarten-768x166.jpg 768w, https:\/\/www.wuennenberg-bueren.de\/zweckverband\/wp-content\/uploads\/2021\/08\/LEADER_Wurzgarten-1536x332.jpg 1536w, https:\/\/www.wuennenberg-bueren.de\/zweckverband\/wp-content\/uploads\/2021\/08\/LEADER_Wurzgarten.jpg 1862w\" sizes=\"auto, (max-width: 1024px) 100vw, 1024px\" \/><\/figure>\n\n\n\n<p>Gef\u00f6rdert wurde das Projekt durch LEADER, einem Ma\u00dfnahmenprogramm der Europ\u00e4ischen Union. Erg\u00e4nzt werden die EU-Mittel mit Landesmitteln des Landes Nordrhein-Westfalen. Ziel der F\u00f6rderung ist die Unterst\u00fctzung einer eigenst\u00e4ndigen und nachhaltigen Regionalentwicklung.  <br><strong> <\/strong><\/p>\n\n\n\n<div style=\"height:100px\" aria-hidden=\"true\" class=\"wp-block-spacer\"><\/div>\n","protected":false},"excerpt":{"rendered":"<p>Gemeinsam G\u00e4rtnern, Lachen und Leben Mitten im Herzen von B\u00fcren liegt ein ganz besonderer Ort der Begegnung: der Wurzgarten. Hier wachsen nicht nur Kr\u00e4uter, Gem\u00fcse und Blumen \u2013 hier w\u00e4chst auch Gemeinschaft. Seit 2022 steht der Garten allen B\u00fcrger*innen und Vereinen offen, um gemeinsam zu pflanzen, zu pflegen, zu ernten [&hellip;]<\/p>\n","protected":false},"author":2,"featured_media":685,"parent":0,"menu_order":0,"comment_status":"closed","ping_status":"closed","template":"","meta":{"footnotes":""},"class_list":["post-493","page","type-page","status-publish","has-post-thumbnail","hentry"],"_links":{"self":[{"href":"https:\/\/www.wuennenberg-bueren.de\/zweckverband\/wp-json\/wp\/v2\/pages\/493","targetHints":{"allow":["GET"]}}],"collection":[{"href":"https:\/\/www.wuennenberg-bueren.de\/zweckverband\/wp-json\/wp\/v2\/pages"}],"about":[{"href":"https:\/\/www.wuennenberg-bueren.de\/zweckverband\/wp-json\/wp\/v2\/types\/page"}],"author":[{"embeddable":true,"href":"https:\/\/www.wuennenberg-bueren.de\/zweckverband\/wp-json\/wp\/v2\/users\/2"}],"replies":[{"embeddable":true,"href":"https:\/\/www.wuennenberg-bueren.de\/zweckverband\/wp-json\/wp\/v2\/comments?post=493"}],"version-history":[{"count":50,"href":"https:\/\/www.wuennenberg-bueren.de\/zweckverband\/wp-json\/wp\/v2\/pages\/493\/revisions"}],"predecessor-version":[{"id":2713,"href":"https:\/\/www.wuennenberg-bueren.de\/zweckverband\/wp-json\/wp\/v2\/pages\/493\/revisions\/2713"}],"wp:featuredmedia":[{"embeddable":true,"href":"https:\/\/www.wuennenberg-bueren.de\/zweckverband\/wp-json\/wp\/v2\/media\/685"}],"wp:attachment":[{"href":"https:\/\/www.wuennenberg-bueren.de\/zweckverband\/wp-json\/wp\/v2\/media?parent=493"}],"curies":[{"name":"wp","href":"https:\/\/api.w.org\/{rel}","templated":true}]}}