{"id":2720,"date":"2025-12-10T15:01:08","date_gmt":"2025-12-10T14:01:08","guid":{"rendered":"https:\/\/www.wuennenberg-bueren.de\/zweckverband\/?page_id=2720"},"modified":"2025-12-10T15:01:08","modified_gmt":"2025-12-10T14:01:08","slug":"dorfzukunft-pflanzen-downloads","status":"publish","type":"page","link":"https:\/\/www.wuennenberg-bueren.de\/zweckverband\/dorfzukunft-pflanzen-downloads\/","title":{"rendered":"DorfZukunft.Pflanzen &#8211; Downloads"},"content":{"rendered":"\n<div class=\"wp-block-media-text has-media-on-the-right is-stacked-on-mobile\" style=\"grid-template-columns:auto 35%\"><div class=\"wp-block-media-text__content\">\n<h2 class=\"wp-block-heading\">Altes Wissen neu entdecken &#8211;<\/h2>\n\n\n\n<h2 class=\"wp-block-heading\">f\u00fcr eine artenreiche Zukunft in unseren D\u00f6rfern<\/h2>\n<\/div><figure class=\"wp-block-media-text__media\"><img loading=\"lazy\" decoding=\"async\" width=\"1024\" height=\"992\" src=\"https:\/\/www.wuennenberg-bueren.de\/zweckverband\/wp-content\/uploads\/2025\/05\/Logo_DorfZukunft_final-1024x992.jpg\" alt=\"\" class=\"wp-image-2335 size-full\" srcset=\"https:\/\/www.wuennenberg-bueren.de\/zweckverband\/wp-content\/uploads\/2025\/05\/Logo_DorfZukunft_final-1024x992.jpg 1024w, https:\/\/www.wuennenberg-bueren.de\/zweckverband\/wp-content\/uploads\/2025\/05\/Logo_DorfZukunft_final-300x291.jpg 300w, https:\/\/www.wuennenberg-bueren.de\/zweckverband\/wp-content\/uploads\/2025\/05\/Logo_DorfZukunft_final-768x744.jpg 768w, https:\/\/www.wuennenberg-bueren.de\/zweckverband\/wp-content\/uploads\/2025\/05\/Logo_DorfZukunft_final.jpg 1162w\" sizes=\"auto, (max-width: 1024px) 100vw, 1024px\" \/><\/figure><\/div>\n\n\n\n<div style=\"height:28px\" aria-hidden=\"true\" class=\"wp-block-spacer\"><\/div>\n\n\n\n<p>Hier findest du viele spannende Anleitungen und Vorlagen rund um Pflanzen und deinen Garten.<\/p>\n\n\n\n<div style=\"height:54px\" aria-hidden=\"true\" class=\"wp-block-spacer\"><\/div>\n\n\n\n<div class=\"wp-block-media-text is-stacked-on-mobile\"><figure class=\"wp-block-media-text__media\"><a href=\"https:\/\/www.wuennenberg-bueren.de\/zweckverband\/wp-content\/uploads\/2025\/08\/Bestimmungsanleitung.pdf\" target=\"_blank\" rel=\"noreferrer noopener\"><img loading=\"lazy\" decoding=\"async\" width=\"971\" height=\"1024\" src=\"https:\/\/www.wuennenberg-bueren.de\/zweckverband\/wp-content\/uploads\/2025\/08\/Bestimmungsanleitung-971x1024.jpg\" alt=\"\" class=\"wp-image-2571 size-full\" srcset=\"https:\/\/www.wuennenberg-bueren.de\/zweckverband\/wp-content\/uploads\/2025\/08\/Bestimmungsanleitung-971x1024.jpg 971w, https:\/\/www.wuennenberg-bueren.de\/zweckverband\/wp-content\/uploads\/2025\/08\/Bestimmungsanleitung-284x300.jpg 284w, https:\/\/www.wuennenberg-bueren.de\/zweckverband\/wp-content\/uploads\/2025\/08\/Bestimmungsanleitung-768x810.jpg 768w, https:\/\/www.wuennenberg-bueren.de\/zweckverband\/wp-content\/uploads\/2025\/08\/Bestimmungsanleitung-1457x1536.jpg 1457w, https:\/\/www.wuennenberg-bueren.de\/zweckverband\/wp-content\/uploads\/2025\/08\/Bestimmungsanleitung.jpg 1504w\" sizes=\"auto, (max-width: 971px) 100vw, 971px\" \/><\/a><\/figure><div class=\"wp-block-media-text__content\">\n<h3 class=\"wp-block-heading\">Du m\u00f6chtest lernen, wie man Pflanzen bestimmen kann?<\/h3>\n\n\n\n<p>Dann lade dir hier eine Anleitung f\u00fcr Einsteiger runter:<\/p>\n\n\n\n<p><a href=\"https:\/\/www.wuennenberg-bueren.de\/zweckverband\/wp-content\/uploads\/2025\/08\/Bestimmungsanleitung.pdf\" target=\"_blank\" rel=\"noreferrer noopener\">Pflanzen entdecken &amp; bestimmen &#8211; Anleitung f\u00fcr Einsteiger<\/a><\/p>\n\n\n\n<p><\/p>\n<\/div><\/div>\n\n\n\n<div style=\"height:91px\" aria-hidden=\"true\" class=\"wp-block-spacer\"><\/div>\n\n\n\n<div class=\"wp-block-media-text is-stacked-on-mobile\"><figure class=\"wp-block-media-text__media\"><a href=\"https:\/\/www.wuennenberg-bueren.de\/zweckverband\/wp-content\/uploads\/2025\/12\/Gartenjahr-Planungsvorlage.pdf\" target=\"_blank\" rel=\"noreferrer noopener\"><img decoding=\"async\" src=\"https:\/\/www.wuennenberg-bueren.de\/zweckverband\/wp-content\/uploads\/2025\/12\/Gartenjahr_1-1024x724.jpg\" alt=\"\" class=\"wp-image-2721 size-full\"\/><\/a><\/figure><div class=\"wp-block-media-text__content\">\n<h3 class=\"wp-block-heading\">Dir fehlt noch ein Plan f\u00fcr dein Gartenjahr?<\/h3>\n\n\n\n<p>Dann lade dir hier eine Vorlage f\u00fcr deine Gartenjahr-Planung runter:<\/p>\n\n\n\n<p><a href=\"https:\/\/www.wuennenberg-bueren.de\/zweckverband\/wp-content\/uploads\/2025\/12\/Gartenjahr-Planungsvorlage.pdf\" target=\"_blank\" rel=\"noreferrer noopener\">Gartenjahr &#8211; Planungsvorlage<\/a><\/p>\n\n\n\n<p><\/p>\n<\/div><\/div>\n\n\n\n<div style=\"height:105px\" aria-hidden=\"true\" class=\"wp-block-spacer\"><\/div>\n\n\n\n<h2 class=\"wp-block-heading\"><strong>Jetzt mehr erfahren!<\/strong><\/h2>\n\n\n\n<p><strong>Melde dich einfach bei mir:<\/strong><\/p>\n\n\n\n<p>Carolin Schepers<\/p>\n\n\n\n<p>Mobiltel.: 0160 654 02 32<br>E-Mail: <a href=\"mailto:erholungsgebiet@wuennenberg-bueren.de\">erholungsgebiet@wuennenberg-bueren.de<\/a><\/p>\n\n\n\n<div style=\"height:28px\" aria-hidden=\"true\" class=\"wp-block-spacer\"><\/div>\n\n\n\n<p><strong>Lass uns gemeinsam die Pflanzenwelt unserer D\u00f6rfer neu entdecken \u2013 f\u00fcr mehr Vielfalt und Nachhaltigkeit direkt in unserer Nachbarschaft!<\/strong><\/p>\n\n\n\n<div style=\"height:56px\" aria-hidden=\"true\" class=\"wp-block-spacer\"><\/div>\n\n\n\n<figure class=\"wp-block-image size-large\"><img loading=\"lazy\" decoding=\"async\" width=\"1024\" height=\"724\" src=\"https:\/\/www.wuennenberg-bueren.de\/zweckverband\/wp-content\/uploads\/2024\/09\/Banner-Pressefoto_4_comp-1024x724.jpg\" alt=\"\" class=\"wp-image-1936\" srcset=\"https:\/\/www.wuennenberg-bueren.de\/zweckverband\/wp-content\/uploads\/2024\/09\/Banner-Pressefoto_4_comp-1024x724.jpg 1024w, https:\/\/www.wuennenberg-bueren.de\/zweckverband\/wp-content\/uploads\/2024\/09\/Banner-Pressefoto_4_comp-300x212.jpg 300w, https:\/\/www.wuennenberg-bueren.de\/zweckverband\/wp-content\/uploads\/2024\/09\/Banner-Pressefoto_4_comp-768x543.jpg 768w, https:\/\/www.wuennenberg-bueren.de\/zweckverband\/wp-content\/uploads\/2024\/09\/Banner-Pressefoto_4_comp.jpg 1527w\" sizes=\"auto, (max-width: 1024px) 100vw, 1024px\" \/><\/figure>\n","protected":false},"excerpt":{"rendered":"<p>Altes Wissen neu entdecken &#8211; f\u00fcr eine artenreiche Zukunft in unseren D\u00f6rfern Hier findest du viele spannende Anleitungen und Vorlagen rund um Pflanzen und deinen Garten. Du m\u00f6chtest lernen, wie man Pflanzen bestimmen kann? Dann lade dir hier eine Anleitung f\u00fcr Einsteiger runter: Pflanzen entdecken &amp; bestimmen &#8211; Anleitung f\u00fcr [&hellip;]<\/p>\n","protected":false},"author":2,"featured_media":1935,"parent":0,"menu_order":0,"comment_status":"closed","ping_status":"closed","template":"","meta":{"footnotes":""},"class_list":["post-2720","page","type-page","status-publish","has-post-thumbnail","hentry"],"_links":{"self":[{"href":"https:\/\/www.wuennenberg-bueren.de\/zweckverband\/wp-json\/wp\/v2\/pages\/2720","targetHints":{"allow":["GET"]}}],"collection":[{"href":"https:\/\/www.wuennenberg-bueren.de\/zweckverband\/wp-json\/wp\/v2\/pages"}],"about":[{"href":"https:\/\/www.wuennenberg-bueren.de\/zweckverband\/wp-json\/wp\/v2\/types\/page"}],"author":[{"embeddable":true,"href":"https:\/\/www.wuennenberg-bueren.de\/zweckverband\/wp-json\/wp\/v2\/users\/2"}],"replies":[{"embeddable":true,"href":"https:\/\/www.wuennenberg-bueren.de\/zweckverband\/wp-json\/wp\/v2\/comments?post=2720"}],"version-history":[{"count":2,"href":"https:\/\/www.wuennenberg-bueren.de\/zweckverband\/wp-json\/wp\/v2\/pages\/2720\/revisions"}],"predecessor-version":[{"id":2726,"href":"https:\/\/www.wuennenberg-bueren.de\/zweckverband\/wp-json\/wp\/v2\/pages\/2720\/revisions\/2726"}],"wp:featuredmedia":[{"embeddable":true,"href":"https:\/\/www.wuennenberg-bueren.de\/zweckverband\/wp-json\/wp\/v2\/media\/1935"}],"wp:attachment":[{"href":"https:\/\/www.wuennenberg-bueren.de\/zweckverband\/wp-json\/wp\/v2\/media?parent=2720"}],"curies":[{"name":"wp","href":"https:\/\/api.w.org\/{rel}","templated":true}]}}