{"id":1785,"date":"2024-04-18T13:28:13","date_gmt":"2024-04-18T11:28:13","guid":{"rendered":"https:\/\/www.wuennenberg-bueren.de\/zweckverband\/?page_id=1785"},"modified":"2024-06-04T11:06:50","modified_gmt":"2024-06-04T09:06:50","slug":"aetherische-oele","status":"publish","type":"page","link":"https:\/\/www.wuennenberg-bueren.de\/zweckverband\/aetherische-oele\/","title":{"rendered":"\u00c4therische \u00d6le"},"content":{"rendered":"\n<p><em>Diese Veranstaltung ist zum Mitmachen.<\/em><\/p>\n\n\n\n<p>Ab Mitte des Sommers bilden Pflanzen besonders viele \u00e4therische \u00d6le. Wir erfahren was \u00e4therische \u00d6le sind und wie sie uns im Alltag helfen k\u00f6nnen.<br><br>Nach der Einf\u00fchrung in das Thema werden wir einen Bl\u00fctenhonig mit \u00e4therischen \u00d6lpflanzen herstellen.<br><\/p>\n\n\n\n<p>Die Materialien werden kostenlos zur Verf\u00fcgung gestellt.<br><\/p>\n\n\n\n<div style=\"height:41px\" aria-hidden=\"true\" class=\"wp-block-spacer\"><\/div>\n\n\n\n<div class=\"wp-block-media-text has-media-on-the-right is-stacked-on-mobile\" style=\"grid-template-columns:auto 15%\"><div class=\"wp-block-media-text__content\">\n<p class=\"has-text-align-right\"><em><a href=\"https:\/\/alexandradoeren.com\/\" target=\"_blank\" rel=\"noreferrer noopener\">mit Alexandra D\u00f6ren, Gesundheits- &amp; Kurberatung<\/a><\/em><\/p>\n<\/div><figure class=\"wp-block-media-text__media\"><img loading=\"lazy\" decoding=\"async\" width=\"587\" height=\"767\" src=\"https:\/\/www.wuennenberg-bueren.de\/zweckverband\/wp-content\/uploads\/2024\/04\/Alex_Doeren.jpg\" alt=\"\" class=\"wp-image-1782 size-full\" srcset=\"https:\/\/www.wuennenberg-bueren.de\/zweckverband\/wp-content\/uploads\/2024\/04\/Alex_Doeren.jpg 587w, https:\/\/www.wuennenberg-bueren.de\/zweckverband\/wp-content\/uploads\/2024\/04\/Alex_Doeren-230x300.jpg 230w\" sizes=\"auto, (max-width: 587px) 100vw, 587px\" \/><\/figure><\/div>\n\n\n\n<div style=\"height:41px\" aria-hidden=\"true\" class=\"wp-block-spacer\"><\/div>\n\n\n\n<p><mark style=\"background-color:#98bf64\" class=\"has-inline-color has-white-color\"><\/mark><mark style=\"background-color:#98bf64\" class=\"has-inline-color has-white-color\">Sonntag, den 09. Juni \u2013 \u00d6ffnung 11:00 \u2013 18:00 Uhr<\/mark><\/p>\n\n\n\n<p>16:00 \u2013 16:45 Uhr \u2013 \u00c4therische \u00d6le<\/p>\n\n\n\n<div style=\"height:39px\" aria-hidden=\"true\" class=\"wp-block-spacer\"><\/div>\n\n\n\n<p>Infoblatt zum Download gibt es hier:<\/p>\n\n\n\n<p><a href=\"https:\/\/www.wuennenberg-bueren.de\/zweckverband\/wp-content\/uploads\/2024\/06\/Infoblatt-Aetherische_Oele.pdf\" target=\"_blank\" rel=\"noreferrer noopener\">Pflanzenkunde \u2013 \u00c4therische \u00d6le<\/a><\/p>\n\n\n\n<div style=\"height:39px\" aria-hidden=\"true\" class=\"wp-block-spacer\"><\/div>\n\n\n\n<p><\/p>\n\n\n\n<figure class=\"wp-block-image size-large\"><img loading=\"lazy\" decoding=\"async\" width=\"1024\" height=\"673\" src=\"https:\/\/www.wuennenberg-bueren.de\/zweckverband\/wp-content\/uploads\/2024\/04\/XX-Oel-Couleur-1024x673.jpg\" alt=\"\" class=\"wp-image-1774\" srcset=\"https:\/\/www.wuennenberg-bueren.de\/zweckverband\/wp-content\/uploads\/2024\/04\/XX-Oel-Couleur-1024x673.jpg 1024w, https:\/\/www.wuennenberg-bueren.de\/zweckverband\/wp-content\/uploads\/2024\/04\/XX-Oel-Couleur-300x197.jpg 300w, https:\/\/www.wuennenberg-bueren.de\/zweckverband\/wp-content\/uploads\/2024\/04\/XX-Oel-Couleur-768x505.jpg 768w, https:\/\/www.wuennenberg-bueren.de\/zweckverband\/wp-content\/uploads\/2024\/04\/XX-Oel-Couleur.jpg 1280w\" sizes=\"auto, (max-width: 1024px) 100vw, 1024px\" \/><\/figure>\n\n\n\n<div style=\"height:58px\" aria-hidden=\"true\" class=\"wp-block-spacer\"><\/div>\n","protected":false},"excerpt":{"rendered":"<p>Diese Veranstaltung ist zum Mitmachen. Ab Mitte des Sommers bilden Pflanzen besonders viele \u00e4therische \u00d6le. Wir erfahren was \u00e4therische \u00d6le sind und wie sie uns im Alltag helfen k\u00f6nnen. Nach der Einf\u00fchrung in das Thema werden wir einen Bl\u00fctenhonig mit \u00e4therischen \u00d6lpflanzen herstellen. Die Materialien werden kostenlos zur Verf\u00fcgung gestellt. [&hellip;]<\/p>\n","protected":false},"author":2,"featured_media":1774,"parent":0,"menu_order":0,"comment_status":"closed","ping_status":"closed","template":"","meta":{"footnotes":""},"class_list":["post-1785","page","type-page","status-publish","has-post-thumbnail","hentry"],"_links":{"self":[{"href":"https:\/\/www.wuennenberg-bueren.de\/zweckverband\/wp-json\/wp\/v2\/pages\/1785","targetHints":{"allow":["GET"]}}],"collection":[{"href":"https:\/\/www.wuennenberg-bueren.de\/zweckverband\/wp-json\/wp\/v2\/pages"}],"about":[{"href":"https:\/\/www.wuennenberg-bueren.de\/zweckverband\/wp-json\/wp\/v2\/types\/page"}],"author":[{"embeddable":true,"href":"https:\/\/www.wuennenberg-bueren.de\/zweckverband\/wp-json\/wp\/v2\/users\/2"}],"replies":[{"embeddable":true,"href":"https:\/\/www.wuennenberg-bueren.de\/zweckverband\/wp-json\/wp\/v2\/comments?post=1785"}],"version-history":[{"count":9,"href":"https:\/\/www.wuennenberg-bueren.de\/zweckverband\/wp-json\/wp\/v2\/pages\/1785\/revisions"}],"predecessor-version":[{"id":1890,"href":"https:\/\/www.wuennenberg-bueren.de\/zweckverband\/wp-json\/wp\/v2\/pages\/1785\/revisions\/1890"}],"wp:featuredmedia":[{"embeddable":true,"href":"https:\/\/www.wuennenberg-bueren.de\/zweckverband\/wp-json\/wp\/v2\/media\/1774"}],"wp:attachment":[{"href":"https:\/\/www.wuennenberg-bueren.de\/zweckverband\/wp-json\/wp\/v2\/media?parent=1785"}],"curies":[{"name":"wp","href":"https:\/\/api.w.org\/{rel}","templated":true}]}}