{"id":1238,"date":"2022-11-09T09:27:41","date_gmt":"2022-11-09T08:27:41","guid":{"rendered":"https:\/\/www.wuennenberg-bueren.de\/zweckverband\/?page_id=1238"},"modified":"2023-04-19T08:18:55","modified_gmt":"2023-04-19T06:18:55","slug":"wurzgarten-presseartikel","status":"publish","type":"page","link":"https:\/\/www.wuennenberg-bueren.de\/zweckverband\/wurzgarten-presseartikel\/","title":{"rendered":"Wurzgarten &#8211; Pressever\u00f6ffentlichung"},"content":{"rendered":"\n<p><strong>Wurzgarten bringt B\u00fcrger und Vereine zusammen<\/strong><\/p>\n\n\n\n<h2 class=\"wp-block-heading\"><strong>Gemeinschaftsgarten im Herzen B\u00fcrens l\u00e4dt zum Mitmachen ein<\/strong><\/h2>\n\n\n\n<p>Bereits seit dem Fr\u00fchjahr stehen die Tore des Wurzgartens in B\u00fcren f\u00fcr B\u00fcrger*innen und Vereine offen.&nbsp; Gemeinschaftlich werden Heilkr\u00e4uterbeete bepflanzt und gepflegt, Gem\u00fcse angebaut und geerntet. Aber vor allem wird viel gelacht. Der Spa\u00df und die Gemeinschaft stehen bei allen &#8222;G\u00e4rtnern&#8220; immer an oberster Stelle.<\/p>\n\n\n\n<p>Auf der Fl\u00e4che des Wurzgartens wurde bereits im 18. Jahrhundert ein Heilkr\u00e4utergarten von den Jesuiten anlegt. Als Missionare brachten sie Heilkr\u00e4uter aus der ganzen Welt mit, die sie unterhalb der Jesuitenkirche anbauten und sp\u00e4ter f\u00fcr die B\u00fcrger zubereiteten und verkaufen. Als \u201eB\u00fcrener Jesuitenapotheke\u201c bekannt, geh\u00f6rte der Heilkr\u00e4utergarten zu den bedeutenden Institutionen der Heilmittelversorgung in Westfalen.<\/p>\n\n\n\n<p>Heute wird wieder f\u00fcr das Allgemeinwohl mit viel Spa\u00df und Engagement geg\u00e4rtnert. Das LEADER-Projekt \u201eWurzgarten\u201c wurde 2017 vom Zweckverband \u201eBevorzugtes Erholungsgebiet Bad W\u00fcnnenberg\/B\u00fcren\u201c begonnen und bereits 2020 abgeschlossen. \u201eDoch dann kam Corona dazwischen. Zur Eind\u00e4mmung der Pandemie wurde der Wurzgarten bis Ende Juni 2021 geschlossen. Da war es f\u00fcr den Gem\u00fcseanbau nat\u00fcrlich viel zu sp\u00e4t\u201c, erkl\u00e4rt Carolin Schepers, Gesch\u00e4ftsf\u00fchrerin des Zweckverbandes \u201eBevorzugtes Erholungsgebiet Bad W\u00fcnnenberg\/B\u00fcren\u201c.<\/p>\n\n\n\n<p>Daher ging es erst im Fr\u00fchjahr 2022 richtig los. Die st\u00e4dtische Jugendpflege und die Fl\u00fcchtlingsinitiative \u201eB\u00fcren ist bunt\u201c waren von Anfang an mit dabei. \u201eSo eine Gelegenheit darf man sich nicht entgehen lassen. F\u00fcr unsere Stiefelkinder ist der Wurzgarten eine Befreiung. Hier d\u00fcrfen sie rennen und buddeln, was das Zeug h\u00e4lt. Ausgepowert und gl\u00fccklich werden zum Schluss die Zucchini gegossen, die schon ordentlich wachsen\u201c, freut sich Anja Schwamborn, Schulsozialarbeiterin der Jugendpflege. Aber auch die Fl\u00fcchtlingsinitiative \u201eB\u00fcren ist bunt\u201c ist mit vollem Eifer dabei. \u201eBesonders f\u00fcr Familien, die hier in Deutschland noch keinen eignen Garten haben, ist der Wurzgarten ein tolles Angebot. Es geht nicht allen nur um das G\u00e4rtnern und Ernten, vielen geht es auch um die Picknickbank im Gr\u00fcnen und um die Gesellschaft\u201c, wissen Anne Happe und Irene Blumental-Ahmed von \u201eB\u00fcren ist bunt\u201c. Beide sind bereits leidenschaftliche G\u00e4rtnerinnen in ihren eigenen G\u00e4rten und teilen ihr Wissen gerne. So auch Imran Ahmed, der mit seinen Kochk\u00fcnsten weit \u00fcber \u201eB\u00fcren ist bunt\u201c bekannt ist und aus dem geernteten Gem\u00fcse wahre K\u00f6stlichkeiten zaubert.<\/p>\n\n\n\n<p>Neben den Vereinen engagieren sich auch B\u00fcrgerinnen und B\u00fcrger, die ihr Wissen und ihre Muskelkraft im Wurzgarten einbringen. Edith bewunderte schon als Kind den Garten ihrer Gro\u00dfmutter. Deshalb hat sie mit Hilfe Ihrer Freundin Irina die Patenschaft f\u00fcr das Heilkr\u00e4uterbeet \u00fcbernommen. Ruth kommt aus dem Naturschutz und setzt sich als Staudenbeet-Patin f\u00fcr die Insekten ein. Fiacre und Torben bringen neben der Muskelkraft vor allem praktische Erfahrung im Garten mit. Und Sabrina springt als begeisterte Sportlerin von Beet zu Beet und hilft \u00fcberall dort aus, wo ein paar extra H\u00e4nde gebraucht werden.<\/p>\n\n\n\n<p>Der Wurzgarten ist somit kein gew\u00f6hnlicher Gemeinschaftsgarten, sondern er ist ein wertvolles Verbindungsst\u00fcck zwischen Generationen, Kulturen und der Freude am G\u00e4rtnern.<\/p>\n\n\n\n<figure class=\"wp-block-image size-large\"><img loading=\"lazy\" decoding=\"async\" width=\"1024\" height=\"462\" src=\"https:\/\/www.wuennenberg-bueren.de\/zweckverband\/wp-content\/uploads\/2022\/11\/Wurzgarten-Presseartikel_10_08_2022-1024x462.jpg\" alt=\"\" class=\"wp-image-1239\" srcset=\"https:\/\/www.wuennenberg-bueren.de\/zweckverband\/wp-content\/uploads\/2022\/11\/Wurzgarten-Presseartikel_10_08_2022-1024x462.jpg 1024w, https:\/\/www.wuennenberg-bueren.de\/zweckverband\/wp-content\/uploads\/2022\/11\/Wurzgarten-Presseartikel_10_08_2022-300x135.jpg 300w, https:\/\/www.wuennenberg-bueren.de\/zweckverband\/wp-content\/uploads\/2022\/11\/Wurzgarten-Presseartikel_10_08_2022-768x346.jpg 768w, https:\/\/www.wuennenberg-bueren.de\/zweckverband\/wp-content\/uploads\/2022\/11\/Wurzgarten-Presseartikel_10_08_2022.jpg 1384w\" sizes=\"auto, (max-width: 1024px) 100vw, 1024px\" \/><figcaption class=\"wp-element-caption\">Freude am G\u00e4rtnern im B\u00fcrener Wurzgarten: Fiacre und Sabrina Nsanzabandi, Irene Blumenthal-Ahmed, Semin, Canar und B\u00fcsra Hancilar, Imran Ahmed, Torben Ebeling, Anne Happe, (vorne) Saim Hancilar, Edith Bauer, Irina Hartwich und Carolin Schepers. Foto: Stadt B\u00fcren<\/figcaption><\/figure>\n\n\n\n<div style=\"height:100px\" aria-hidden=\"true\" class=\"wp-block-spacer\"><\/div>\n\n\n\n<figure class=\"wp-block-image size-large\"><img loading=\"lazy\" decoding=\"async\" width=\"1024\" height=\"221\" src=\"https:\/\/www.wuennenberg-bueren.de\/zweckverband\/wp-content\/uploads\/2021\/08\/LEADER_Wurzgarten-1024x221.jpg\" alt=\"\" class=\"wp-image-925\" srcset=\"https:\/\/www.wuennenberg-bueren.de\/zweckverband\/wp-content\/uploads\/2021\/08\/LEADER_Wurzgarten-1024x221.jpg 1024w, https:\/\/www.wuennenberg-bueren.de\/zweckverband\/wp-content\/uploads\/2021\/08\/LEADER_Wurzgarten-300x65.jpg 300w, https:\/\/www.wuennenberg-bueren.de\/zweckverband\/wp-content\/uploads\/2021\/08\/LEADER_Wurzgarten-768x166.jpg 768w, https:\/\/www.wuennenberg-bueren.de\/zweckverband\/wp-content\/uploads\/2021\/08\/LEADER_Wurzgarten-1536x332.jpg 1536w, https:\/\/www.wuennenberg-bueren.de\/zweckverband\/wp-content\/uploads\/2021\/08\/LEADER_Wurzgarten.jpg 1862w\" sizes=\"auto, (max-width: 1024px) 100vw, 1024px\" \/><\/figure>\n\n\n\n<div style=\"height:100px\" aria-hidden=\"true\" class=\"wp-block-spacer\"><\/div>\n","protected":false},"excerpt":{"rendered":"<p>Wurzgarten bringt B\u00fcrger und Vereine zusammen Gemeinschaftsgarten im Herzen B\u00fcrens l\u00e4dt zum Mitmachen ein Bereits seit dem Fr\u00fchjahr stehen die Tore des Wurzgartens in B\u00fcren f\u00fcr B\u00fcrger*innen und Vereine offen.&nbsp; Gemeinschaftlich werden Heilkr\u00e4uterbeete bepflanzt und gepflegt, Gem\u00fcse angebaut und geerntet. Aber vor allem wird viel gelacht. Der Spa\u00df und die [&hellip;]<\/p>\n","protected":false},"author":2,"featured_media":686,"parent":0,"menu_order":0,"comment_status":"closed","ping_status":"closed","template":"","meta":{"footnotes":""},"class_list":["post-1238","page","type-page","status-publish","has-post-thumbnail","hentry"],"_links":{"self":[{"href":"https:\/\/www.wuennenberg-bueren.de\/zweckverband\/wp-json\/wp\/v2\/pages\/1238","targetHints":{"allow":["GET"]}}],"collection":[{"href":"https:\/\/www.wuennenberg-bueren.de\/zweckverband\/wp-json\/wp\/v2\/pages"}],"about":[{"href":"https:\/\/www.wuennenberg-bueren.de\/zweckverband\/wp-json\/wp\/v2\/types\/page"}],"author":[{"embeddable":true,"href":"https:\/\/www.wuennenberg-bueren.de\/zweckverband\/wp-json\/wp\/v2\/users\/2"}],"replies":[{"embeddable":true,"href":"https:\/\/www.wuennenberg-bueren.de\/zweckverband\/wp-json\/wp\/v2\/comments?post=1238"}],"version-history":[{"count":6,"href":"https:\/\/www.wuennenberg-bueren.de\/zweckverband\/wp-json\/wp\/v2\/pages\/1238\/revisions"}],"predecessor-version":[{"id":1512,"href":"https:\/\/www.wuennenberg-bueren.de\/zweckverband\/wp-json\/wp\/v2\/pages\/1238\/revisions\/1512"}],"wp:featuredmedia":[{"embeddable":true,"href":"https:\/\/www.wuennenberg-bueren.de\/zweckverband\/wp-json\/wp\/v2\/media\/686"}],"wp:attachment":[{"href":"https:\/\/www.wuennenberg-bueren.de\/zweckverband\/wp-json\/wp\/v2\/media?parent=1238"}],"curies":[{"name":"wp","href":"https:\/\/api.w.org\/{rel}","templated":true}]}}